{"id":17676,"date":"2022-12-06T14:15:29","date_gmt":"2022-12-06T13:15:29","guid":{"rendered":"https:\/\/projekty.osu.cz\/citycampus\/sport\/?page_id=17676"},"modified":"2023-08-16T08:52:12","modified_gmt":"2023-08-16T06:52:12","slug":"dalsi-prostory","status":"publish","type":"page","link":"https:\/\/citycampus.osu.cz\/sport\/mistnosti\/dalsi-prostory\/","title":{"rendered":"Venkovn\u00ed prostory"},"content":{"rendered":"\t\t<div data-elementor-type=\"wp-page\" data-elementor-id=\"17676\" class=\"elementor elementor-17676\">\n\t\t\t\t\t\t<section class=\"elementor-section elementor-top-section elementor-element elementor-element-78316b66 elementor-section-stretched content-page elementor-section-full_width elementor-section-height-min-height elementor-section-items-stretch elementor-section-content-top elementor-section-height-default\" data-id=\"78316b66\" data-element_type=\"section\" data-e-type=\"section\" data-settings=\"{&quot;stretch_section&quot;:&quot;section-stretched&quot;,&quot;background_background&quot;:&quot;classic&quot;,&quot;shape_divider_bottom&quot;:&quot;opacity-tilt&quot;}\">\n\t\t\t\t\t\t\t<div class=\"elementor-background-overlay\"><\/div>\n\t\t\t\t\t\t<div class=\"elementor-shape elementor-shape-bottom\" aria-hidden=\"true\" data-negative=\"false\">\n\t\t\t<svg xmlns=\"http:\/\/www.w3.org\/2000\/svg\" viewBox=\"0 0 2600 131.1\" preserveAspectRatio=\"none\">\n\t<path class=\"elementor-shape-fill\" d=\"M0 0L2600 0 2600 69.1 0 0z\"\/>\n\t<path class=\"elementor-shape-fill\" style=\"opacity:0.5\" d=\"M0 0L2600 0 2600 69.1 0 69.1z\"\/>\n\t<path class=\"elementor-shape-fill\" style=\"opacity:0.25\" d=\"M2600 0L0 0 0 130.1 2600 69.1z\"\/>\n<\/svg>\t\t<\/div>\n\t\t\t\t\t<div class=\"elementor-container elementor-column-gap-no\">\n\t\t\t\t\t<div class=\"elementor-column elementor-col-100 elementor-top-column elementor-element elementor-element-51b2543c elementor-invisible\" data-id=\"51b2543c\" data-element_type=\"column\" data-e-type=\"column\" data-settings=\"{&quot;background_background&quot;:&quot;classic&quot;,&quot;animation&quot;:&quot;fadeIn&quot;}\">\n\t\t\t<div class=\"elementor-widget-wrap elementor-element-populated\">\n\t\t\t\t\t<div class=\"elementor-background-overlay\"><\/div>\n\t\t\t\t\t\t<section class=\"elementor-section elementor-inner-section elementor-element elementor-element-16758d44 elementor-section-height-full elementor-section-boxed elementor-section-height-default elementor-invisible\" data-id=\"16758d44\" data-element_type=\"section\" data-e-type=\"section\" data-settings=\"{&quot;animation&quot;:&quot;fadeInUp&quot;,&quot;animation_delay&quot;:500}\">\n\t\t\t\t\t\t<div class=\"elementor-container elementor-column-gap-default\">\n\t\t\t\t\t<div class=\"elementor-column elementor-col-100 elementor-inner-column elementor-element elementor-element-2916d08b\" data-id=\"2916d08b\" data-element_type=\"column\" data-e-type=\"column\" data-settings=\"{&quot;background_background&quot;:&quot;classic&quot;}\">\n\t\t\t<div class=\"elementor-widget-wrap elementor-element-populated\">\n\t\t\t\t\t\t<div class=\"elementor-element elementor-element-cb0e52e elementor-invisible elementor-widget elementor-widget-heading\" data-id=\"cb0e52e\" data-element_type=\"widget\" data-e-type=\"widget\" data-settings=\"{&quot;_animation&quot;:&quot;fadeInUp&quot;,&quot;_animation_delay&quot;:500}\" data-widget_type=\"heading.default\">\n\t\t\t\t<div class=\"elementor-widget-container\">\n\t\t\t\t\t<h1 class=\"elementor-heading-title elementor-size-xxl\">VENKOVN\u00cd PROSTORY<\/h1>\t\t\t\t<\/div>\n\t\t\t\t<\/div>\n\t\t\t\t<div class=\"elementor-element elementor-element-de6a6c8 elementor-arrows-position-inside elementor-widget elementor-widget-image-carousel\" data-id=\"de6a6c8\" data-element_type=\"widget\" data-e-type=\"widget\" data-settings=\"{&quot;slides_to_show&quot;:&quot;3&quot;,&quot;image_spacing_custom&quot;:{&quot;unit&quot;:&quot;px&quot;,&quot;size&quot;:9,&quot;sizes&quot;:[]},&quot;navigation&quot;:&quot;arrows&quot;,&quot;autoplay&quot;:&quot;yes&quot;,&quot;pause_on_hover&quot;:&quot;yes&quot;,&quot;pause_on_interaction&quot;:&quot;yes&quot;,&quot;autoplay_speed&quot;:5000,&quot;infinite&quot;:&quot;yes&quot;,&quot;speed&quot;:500,&quot;image_spacing_custom_tablet&quot;:{&quot;unit&quot;:&quot;px&quot;,&quot;size&quot;:&quot;&quot;,&quot;sizes&quot;:[]},&quot;image_spacing_custom_mobile&quot;:{&quot;unit&quot;:&quot;px&quot;,&quot;size&quot;:&quot;&quot;,&quot;sizes&quot;:[]}}\" data-widget_type=\"image-carousel.default\">\n\t\t\t\t<div class=\"elementor-widget-container\">\n\t\t\t\t\t\t\t<div class=\"elementor-image-carousel-wrapper swiper\" role=\"region\" aria-roledescription=\"carousel\" aria-label=\"Obr\u00e1zkov\u00fd koloto\u010d\" dir=\"ltr\">\n\t\t\t<div class=\"elementor-image-carousel swiper-wrapper swiper-image-stretch\" aria-live=\"off\">\n\t\t\t\t\t\t\t\t<div class=\"swiper-slide\" role=\"group\" aria-roledescription=\"slide\" aria-label=\"1 z 15\"><a data-elementor-open-lightbox=\"yes\" data-elementor-lightbox-slideshow=\"de6a6c8\" data-elementor-lightbox-title=\"REN04050-34\" data-e-action-hash=\"#elementor-action%3Aaction%3Dlightbox%26settings%3DeyJpZCI6MTk0NjksInVybCI6Imh0dHBzOlwvXC9jaXR5Y2FtcHVzLm9zdS5jelwvc3BvcnRcL3dwLWNvbnRlbnRcL3VwbG9hZHNcLzIwMjNcLzA4XC9SRU4wNDA1MC0zNC5qcGciLCJzbGlkZXNob3ciOiJkZTZhNmM4In0%3D\" href=\"https:\/\/citycampus.osu.cz\/sport\/wp-content\/uploads\/2023\/08\/REN04050-34.jpg\"><figure class=\"swiper-slide-inner\"><img decoding=\"async\" class=\"swiper-slide-image\" src=\"https:\/\/citycampus.osu.cz\/sport\/wp-content\/uploads\/2023\/08\/REN04050-34-1024x682.jpg\" alt=\"REN04050-34\" \/><\/figure><\/a><\/div><div class=\"swiper-slide\" role=\"group\" aria-roledescription=\"slide\" aria-label=\"2 z 15\"><a data-elementor-open-lightbox=\"yes\" data-elementor-lightbox-slideshow=\"de6a6c8\" data-elementor-lightbox-title=\"REN04163-75\" data-e-action-hash=\"#elementor-action%3Aaction%3Dlightbox%26settings%3DeyJpZCI6MTk0NzEsInVybCI6Imh0dHBzOlwvXC9jaXR5Y2FtcHVzLm9zdS5jelwvc3BvcnRcL3dwLWNvbnRlbnRcL3VwbG9hZHNcLzIwMjNcLzA4XC9SRU4wNDE2My03NS5qcGciLCJzbGlkZXNob3ciOiJkZTZhNmM4In0%3D\" href=\"https:\/\/citycampus.osu.cz\/sport\/wp-content\/uploads\/2023\/08\/REN04163-75.jpg\"><figure class=\"swiper-slide-inner\"><img decoding=\"async\" class=\"swiper-slide-image\" src=\"https:\/\/citycampus.osu.cz\/sport\/wp-content\/uploads\/2023\/08\/REN04163-75-1024x682.jpg\" alt=\"REN04163-75\" \/><\/figure><\/a><\/div><div class=\"swiper-slide\" role=\"group\" aria-roledescription=\"slide\" aria-label=\"3 z 15\"><a data-elementor-open-lightbox=\"yes\" data-elementor-lightbox-slideshow=\"de6a6c8\" data-elementor-lightbox-title=\"REN04213-92\" data-e-action-hash=\"#elementor-action%3Aaction%3Dlightbox%26settings%3DeyJpZCI6MTk0NzIsInVybCI6Imh0dHBzOlwvXC9jaXR5Y2FtcHVzLm9zdS5jelwvc3BvcnRcL3dwLWNvbnRlbnRcL3VwbG9hZHNcLzIwMjNcLzA4XC9SRU4wNDIxMy05Mi5qcGciLCJzbGlkZXNob3ciOiJkZTZhNmM4In0%3D\" href=\"https:\/\/citycampus.osu.cz\/sport\/wp-content\/uploads\/2023\/08\/REN04213-92.jpg\"><figure class=\"swiper-slide-inner\"><img decoding=\"async\" class=\"swiper-slide-image\" src=\"https:\/\/citycampus.osu.cz\/sport\/wp-content\/uploads\/2023\/08\/REN04213-92-1024x682.jpg\" alt=\"REN04213-92\" \/><\/figure><\/a><\/div><div class=\"swiper-slide\" role=\"group\" aria-roledescription=\"slide\" aria-label=\"4 z 15\"><a data-elementor-open-lightbox=\"yes\" data-elementor-lightbox-slideshow=\"de6a6c8\" data-elementor-lightbox-title=\"P1243500\" data-e-action-hash=\"#elementor-action%3Aaction%3Dlightbox%26settings%3DeyJpZCI6MTk0NjYsInVybCI6Imh0dHBzOlwvXC9jaXR5Y2FtcHVzLm9zdS5jelwvc3BvcnRcL3dwLWNvbnRlbnRcL3VwbG9hZHNcLzIwMjNcLzA4XC9QMTI0MzUwMC1zY2FsZWQtZTE2OTE0OTgyNTExMjEuanBnIiwic2xpZGVzaG93IjoiZGU2YTZjOCJ9\" href=\"https:\/\/citycampus.osu.cz\/sport\/wp-content\/uploads\/2023\/08\/P1243500-scaled-e1691498251121.jpg\"><figure class=\"swiper-slide-inner\"><img decoding=\"async\" class=\"swiper-slide-image\" src=\"https:\/\/citycampus.osu.cz\/sport\/wp-content\/uploads\/2023\/08\/P1243500-scaled-e1691498251121-1024x683.jpg\" alt=\"P1243500\" \/><\/figure><\/a><\/div><div class=\"swiper-slide\" role=\"group\" aria-roledescription=\"slide\" aria-label=\"5 z 15\"><a data-elementor-open-lightbox=\"yes\" data-elementor-lightbox-slideshow=\"de6a6c8\" data-elementor-lightbox-title=\"P1243600\" data-e-action-hash=\"#elementor-action%3Aaction%3Dlightbox%26settings%3DeyJpZCI6MTk0NjgsInVybCI6Imh0dHBzOlwvXC9jaXR5Y2FtcHVzLm9zdS5jelwvc3BvcnRcL3dwLWNvbnRlbnRcL3VwbG9hZHNcLzIwMjNcLzA4XC9QMTI0MzYwMC1zY2FsZWQtZTE2OTE0OTgyNzYxNjkuanBnIiwic2xpZGVzaG93IjoiZGU2YTZjOCJ9\" href=\"https:\/\/citycampus.osu.cz\/sport\/wp-content\/uploads\/2023\/08\/P1243600-scaled-e1691498276169.jpg\"><figure class=\"swiper-slide-inner\"><img decoding=\"async\" class=\"swiper-slide-image\" src=\"https:\/\/citycampus.osu.cz\/sport\/wp-content\/uploads\/2023\/08\/P1243600-scaled-e1691498276169-1024x683.jpg\" alt=\"P1243600\" \/><\/figure><\/a><\/div><div class=\"swiper-slide\" role=\"group\" aria-roledescription=\"slide\" aria-label=\"6 z 15\"><a data-elementor-open-lightbox=\"yes\" data-elementor-lightbox-slideshow=\"de6a6c8\" data-elementor-lightbox-title=\"OU_JanaGreplova_OUmakazdyrad\" data-e-action-hash=\"#elementor-action%3Aaction%3Dlightbox%26settings%3DeyJpZCI6MTg3NjAsInVybCI6Imh0dHBzOlwvXC9jaXR5Y2FtcHVzLm9zdS5jelwvc3BvcnRcL3dwLWNvbnRlbnRcL3VwbG9hZHNcLzIwMjNcLzAzXC9PVV9KYW5hR3JlcGxvdmFfT1VtYWthemR5cmFkLXNjYWxlZC5qcGciLCJzbGlkZXNob3ciOiJkZTZhNmM4In0%3D\" href=\"https:\/\/citycampus.osu.cz\/sport\/wp-content\/uploads\/2023\/03\/OU_JanaGreplova_OUmakazdyrad-scaled.jpg\"><figure class=\"swiper-slide-inner\"><img decoding=\"async\" class=\"swiper-slide-image\" src=\"https:\/\/citycampus.osu.cz\/sport\/wp-content\/uploads\/2023\/03\/OU_JanaGreplova_OUmakazdyrad-1024x681.jpg\" alt=\"OU_JanaGreplova_OUmakazdyrad\" \/><\/figure><\/a><\/div><div class=\"swiper-slide\" role=\"group\" aria-roledescription=\"slide\" aria-label=\"7 z 15\"><a data-elementor-open-lightbox=\"yes\" data-elementor-lightbox-slideshow=\"de6a6c8\" data-elementor-lightbox-title=\"P1254662\" data-e-action-hash=\"#elementor-action%3Aaction%3Dlightbox%26settings%3DeyJpZCI6MTk2NDMsInVybCI6Imh0dHBzOlwvXC9jaXR5Y2FtcHVzLm9zdS5jelwvc3BvcnRcL3dwLWNvbnRlbnRcL3VwbG9hZHNcLzIwMjNcLzA4XC9QMTI1NDY2Mi1zY2FsZWQtZTE2OTE1ODA0MTQ5MzAuanBnIiwic2xpZGVzaG93IjoiZGU2YTZjOCJ9\" href=\"https:\/\/citycampus.osu.cz\/sport\/wp-content\/uploads\/2023\/08\/P1254662-scaled-e1691580414930.jpg\"><figure class=\"swiper-slide-inner\"><img decoding=\"async\" class=\"swiper-slide-image\" src=\"https:\/\/citycampus.osu.cz\/sport\/wp-content\/uploads\/2023\/08\/P1254662-scaled-e1691580414930-1024x682.jpg\" alt=\"P1254662\" \/><\/figure><\/a><\/div><div class=\"swiper-slide\" role=\"group\" aria-roledescription=\"slide\" aria-label=\"8 z 15\"><a data-elementor-open-lightbox=\"yes\" data-elementor-lightbox-slideshow=\"de6a6c8\" data-elementor-lightbox-title=\"20230227_150310\" data-e-action-hash=\"#elementor-action%3Aaction%3Dlightbox%26settings%3DeyJpZCI6MTg3NDQsInVybCI6Imh0dHBzOlwvXC9jaXR5Y2FtcHVzLm9zdS5jelwvc3BvcnRcL3dwLWNvbnRlbnRcL3VwbG9hZHNcLzIwMjNcLzAzXC8yMDIzMDIyN18xNTAzMTAtc2NhbGVkLWUxNjc4MjI5ODIyNzI3LmpwZyIsInNsaWRlc2hvdyI6ImRlNmE2YzgifQ%3D%3D\" href=\"https:\/\/citycampus.osu.cz\/sport\/wp-content\/uploads\/2023\/03\/20230227_150310-scaled-e1678229822727.jpg\"><figure class=\"swiper-slide-inner\"><img decoding=\"async\" class=\"swiper-slide-image\" src=\"https:\/\/citycampus.osu.cz\/sport\/wp-content\/uploads\/2023\/03\/20230227_150310-scaled-e1678229822727-1024x683.jpg\" alt=\"20230227_150310\" \/><\/figure><\/a><\/div><div class=\"swiper-slide\" role=\"group\" aria-roledescription=\"slide\" aria-label=\"9 z 15\"><a data-elementor-open-lightbox=\"yes\" data-elementor-lightbox-slideshow=\"de6a6c8\" data-elementor-lightbox-title=\"P1254773\" data-e-action-hash=\"#elementor-action%3Aaction%3Dlightbox%26settings%3DeyJpZCI6MTk2NTQsInVybCI6Imh0dHBzOlwvXC9jaXR5Y2FtcHVzLm9zdS5jelwvc3BvcnRcL3dwLWNvbnRlbnRcL3VwbG9hZHNcLzIwMjNcLzA4XC9QMTI1NDc3My1zY2FsZWQtZTE2OTE1ODA1NTc4NTcuanBnIiwic2xpZGVzaG93IjoiZGU2YTZjOCJ9\" href=\"https:\/\/citycampus.osu.cz\/sport\/wp-content\/uploads\/2023\/08\/P1254773-scaled-e1691580557857.jpg\"><figure class=\"swiper-slide-inner\"><img decoding=\"async\" class=\"swiper-slide-image\" src=\"https:\/\/citycampus.osu.cz\/sport\/wp-content\/uploads\/2023\/08\/P1254773-scaled-e1691580557857-1024x682.jpg\" alt=\"P1254773\" \/><\/figure><\/a><\/div><div class=\"swiper-slide\" role=\"group\" aria-roledescription=\"slide\" aria-label=\"10 z 15\"><a data-elementor-open-lightbox=\"yes\" data-elementor-lightbox-slideshow=\"de6a6c8\" data-elementor-lightbox-title=\"20230228_132157\" data-e-action-hash=\"#elementor-action%3Aaction%3Dlightbox%26settings%3DeyJpZCI6MTg3NDgsInVybCI6Imh0dHBzOlwvXC9jaXR5Y2FtcHVzLm9zdS5jelwvc3BvcnRcL3dwLWNvbnRlbnRcL3VwbG9hZHNcLzIwMjNcLzAzXC8yMDIzMDIyOF8xMzIxNTctc2NhbGVkLWUxNjc4MjI5ODQ0Mzc3LmpwZyIsInNsaWRlc2hvdyI6ImRlNmE2YzgifQ%3D%3D\" href=\"https:\/\/citycampus.osu.cz\/sport\/wp-content\/uploads\/2023\/03\/20230228_132157-scaled-e1678229844377.jpg\"><figure class=\"swiper-slide-inner\"><img decoding=\"async\" class=\"swiper-slide-image\" src=\"https:\/\/citycampus.osu.cz\/sport\/wp-content\/uploads\/2023\/03\/20230228_132157-scaled-e1678229844377-1024x683.jpg\" alt=\"20230228_132157\" \/><\/figure><\/a><\/div><div class=\"swiper-slide\" role=\"group\" aria-roledescription=\"slide\" aria-label=\"11 z 15\"><a data-elementor-open-lightbox=\"yes\" data-elementor-lightbox-slideshow=\"de6a6c8\" data-elementor-lightbox-title=\"20230228_130946\" data-e-action-hash=\"#elementor-action%3Aaction%3Dlightbox%26settings%3DeyJpZCI6MTg3NDUsInVybCI6Imh0dHBzOlwvXC9jaXR5Y2FtcHVzLm9zdS5jelwvc3BvcnRcL3dwLWNvbnRlbnRcL3VwbG9hZHNcLzIwMjNcLzAzXC8yMDIzMDIyOF8xMzA5NDYtc2NhbGVkLWUxNjc4MjI3MDEzMzU3LmpwZyIsInNsaWRlc2hvdyI6ImRlNmE2YzgifQ%3D%3D\" href=\"https:\/\/citycampus.osu.cz\/sport\/wp-content\/uploads\/2023\/03\/20230228_130946-scaled-e1678227013357.jpg\"><figure class=\"swiper-slide-inner\"><img decoding=\"async\" class=\"swiper-slide-image\" src=\"https:\/\/citycampus.osu.cz\/sport\/wp-content\/uploads\/2023\/03\/20230228_130946-scaled-e1678227013357-1024x683.jpg\" alt=\"20230228_130946\" \/><\/figure><\/a><\/div><div class=\"swiper-slide\" role=\"group\" aria-roledescription=\"slide\" aria-label=\"12 z 15\"><a data-elementor-open-lightbox=\"yes\" data-elementor-lightbox-slideshow=\"de6a6c8\" data-elementor-lightbox-title=\"REN04169-77\" data-e-action-hash=\"#elementor-action%3Aaction%3Dlightbox%26settings%3DeyJpZCI6MTk0NzAsInVybCI6Imh0dHBzOlwvXC9jaXR5Y2FtcHVzLm9zdS5jelwvc3BvcnRcL3dwLWNvbnRlbnRcL3VwbG9hZHNcLzIwMjNcLzA4XC9SRU4wNDE2OS03Ny5qcGciLCJzbGlkZXNob3ciOiJkZTZhNmM4In0%3D\" href=\"https:\/\/citycampus.osu.cz\/sport\/wp-content\/uploads\/2023\/08\/REN04169-77.jpg\"><figure class=\"swiper-slide-inner\"><img decoding=\"async\" class=\"swiper-slide-image\" src=\"https:\/\/citycampus.osu.cz\/sport\/wp-content\/uploads\/2023\/08\/REN04169-77-1024x682.jpg\" alt=\"REN04169-77\" \/><\/figure><\/a><\/div><div class=\"swiper-slide\" role=\"group\" aria-roledescription=\"slide\" aria-label=\"13 z 15\"><a data-elementor-open-lightbox=\"yes\" data-elementor-lightbox-slideshow=\"de6a6c8\" data-elementor-lightbox-title=\"20230221_124029\" data-e-action-hash=\"#elementor-action%3Aaction%3Dlightbox%26settings%3DeyJpZCI6MTg3NDEsInVybCI6Imh0dHBzOlwvXC9jaXR5Y2FtcHVzLm9zdS5jelwvc3BvcnRcL3dwLWNvbnRlbnRcL3VwbG9hZHNcLzIwMjNcLzAzXC8yMDIzMDIyMV8xMjQwMjktc2NhbGVkLWUxNjc4MjI2OTI3ODQ4LmpwZyIsInNsaWRlc2hvdyI6ImRlNmE2YzgifQ%3D%3D\" href=\"https:\/\/citycampus.osu.cz\/sport\/wp-content\/uploads\/2023\/03\/20230221_124029-scaled-e1678226927848.jpg\"><figure class=\"swiper-slide-inner\"><img decoding=\"async\" class=\"swiper-slide-image\" src=\"https:\/\/citycampus.osu.cz\/sport\/wp-content\/uploads\/2023\/03\/20230221_124029-scaled-e1678226927848-1024x683.jpg\" alt=\"20230221_124029\" \/><\/figure><\/a><\/div><div class=\"swiper-slide\" role=\"group\" aria-roledescription=\"slide\" aria-label=\"14 z 15\"><a data-elementor-open-lightbox=\"yes\" data-elementor-lightbox-slideshow=\"de6a6c8\" data-elementor-lightbox-title=\"REN04322-131\" data-e-action-hash=\"#elementor-action%3Aaction%3Dlightbox%26settings%3DeyJpZCI6MTk0NzMsInVybCI6Imh0dHBzOlwvXC9jaXR5Y2FtcHVzLm9zdS5jelwvc3BvcnRcL3dwLWNvbnRlbnRcL3VwbG9hZHNcLzIwMjNcLzA4XC9SRU4wNDMyMi0xMzEuanBnIiwic2xpZGVzaG93IjoiZGU2YTZjOCJ9\" href=\"https:\/\/citycampus.osu.cz\/sport\/wp-content\/uploads\/2023\/08\/REN04322-131.jpg\"><figure class=\"swiper-slide-inner\"><img decoding=\"async\" class=\"swiper-slide-image\" src=\"https:\/\/citycampus.osu.cz\/sport\/wp-content\/uploads\/2023\/08\/REN04322-131-1024x682.jpg\" alt=\"REN04322-131\" \/><\/figure><\/a><\/div><div class=\"swiper-slide\" role=\"group\" aria-roledescription=\"slide\" aria-label=\"15 z 15\"><a data-elementor-open-lightbox=\"yes\" data-elementor-lightbox-slideshow=\"de6a6c8\" data-elementor-lightbox-title=\"P1148765\" data-e-action-hash=\"#elementor-action%3Aaction%3Dlightbox%26settings%3DeyJpZCI6MTg3NjksInVybCI6Imh0dHBzOlwvXC9jaXR5Y2FtcHVzLm9zdS5jelwvc3BvcnRcL3dwLWNvbnRlbnRcL3VwbG9hZHNcLzIwMjNcLzAzXC9QMTE0ODc2NS1zY2FsZWQtZTE2NzgyMjk5MDIxNTEuanBnIiwic2xpZGVzaG93IjoiZGU2YTZjOCJ9\" href=\"https:\/\/citycampus.osu.cz\/sport\/wp-content\/uploads\/2023\/03\/P1148765-scaled-e1678229902151.jpg\"><figure class=\"swiper-slide-inner\"><img decoding=\"async\" class=\"swiper-slide-image\" src=\"https:\/\/citycampus.osu.cz\/sport\/wp-content\/uploads\/2023\/03\/P1148765-scaled-e1678229902151-1024x683.jpg\" alt=\"P1148765\" \/><\/figure><\/a><\/div>\t\t\t<\/div>\n\t\t\t\t\t\t\t\t\t\t\t\t<div class=\"elementor-swiper-button elementor-swiper-button-prev\" role=\"button\" tabindex=\"0\">\n\t\t\t\t\t\t<i aria-hidden=\"true\" class=\"eicon-chevron-left\"><\/i>\t\t\t\t\t<\/div>\n\t\t\t\t\t<div class=\"elementor-swiper-button elementor-swiper-button-next\" role=\"button\" tabindex=\"0\">\n\t\t\t\t\t\t<i aria-hidden=\"true\" class=\"eicon-chevron-right\"><\/i>\t\t\t\t\t<\/div>\n\t\t\t\t\n\t\t\t\t\t\t\t\t\t<\/div>\n\t\t\t\t\t\t<\/div>\n\t\t\t\t<\/div>\n\t\t\t\t<div class=\"elementor-element elementor-element-cb0a9ef elementor-align-center elementor-widget elementor-widget-button\" data-id=\"cb0a9ef\" data-element_type=\"widget\" data-e-type=\"widget\" data-widget_type=\"button.default\">\n\t\t\t\t<div class=\"elementor-widget-container\">\n\t\t\t\t\t\t\t\t\t<div class=\"elementor-button-wrapper\">\n\t\t\t\t\t<a class=\"elementor-button elementor-button-link elementor-size-sm\" href=\"https:\/\/osu.isportsystem.cz\">\n\t\t\t\t\t\t<span class=\"elementor-button-content-wrapper\">\n\t\t\t\t\t\t<span class=\"elementor-button-icon\">\n\t\t\t\t<i aria-hidden=\"true\" class=\"far fa-calendar-alt\"><\/i>\t\t\t<\/span>\n\t\t\t\t\t\t\t\t\t<span class=\"elementor-button-text\">REZERVACE<\/span>\n\t\t\t\t\t<\/span>\n\t\t\t\t\t<\/a>\n\t\t\t\t<\/div>\n\t\t\t\t\t\t\t\t<\/div>\n\t\t\t\t<\/div>\n\t\t\t\t<div class=\"elementor-element elementor-element-5677e58e elementor-widget elementor-widget-text-editor\" data-id=\"5677e58e\" data-element_type=\"widget\" data-e-type=\"widget\" data-widget_type=\"text-editor.default\">\n\t\t\t\t<div class=\"elementor-widget-container\">\n\t\t\t\t\t\t\t\t\t<p>Venkovn\u00ed prostory:&nbsp;<strong>60 K\u010d \/ m\u00b2 \/ den<\/strong>&nbsp;(minim\u00e1ln\u00ed pron\u00e1jem 10 m\u00b2)<\/p>\n<p>Cena za pron\u00e1jem venkovn\u00edch prostor nezahrnuje poplatky za energie, vodu a soci\u00e1ln\u00ed za\u0159\u00edzen\u00ed.<\/p>\n<p>Pron\u00e1jem venkovn\u00ed plochy pro st\u00e1nek: <strong>800 K\u010d \/ st\u00e1nek<\/strong> (do 9 m\u00b2)<\/p>\n<p>V\u0161echny uveden\u00e9 ceny jsou bez DPH.<\/p>\t\t\t\t\t\t\t\t<\/div>\n\t\t\t\t<\/div>\n\t\t\t\t\t<\/div>\n\t\t<\/div>\n\t\t\t\t\t<\/div>\n\t\t<\/section>\n\t\t\t\t\t<\/div>\n\t\t<\/div>\n\t\t\t\t\t<\/div>\n\t\t<\/section>\n\t\t\t\t<\/div>\n\t\t","protected":false},"excerpt":{"rendered":"<p>VENKOVN\u00cd PROSTORY REZERVACE Venkovn\u00ed prostory:&nbsp;60 K\u010d \/ m\u00b2 \/ den&nbsp;(minim\u00e1ln\u00ed pron\u00e1jem 10 m\u00b2) Cena za pron\u00e1jem venkovn\u00edch prostor nezahrnuje poplatky za energie, vodu a soci\u00e1ln\u00ed&hellip;<\/p>\n<p> <a class=\"more-link\" href=\"https:\/\/citycampus.osu.cz\/sport\/mistnosti\/dalsi-prostory\/\">\u010ct\u011bte v\u00edce<\/a><\/p>\n","protected":false},"author":4,"featured_media":0,"parent":17708,"menu_order":4,"comment_status":"closed","ping_status":"closed","template":"","meta":{"footnotes":""},"class_list":["post-17676","page","type-page","status-publish"],"_links":{"self":[{"href":"https:\/\/citycampus.osu.cz\/sport\/wp-json\/wp\/v2\/pages\/17676","targetHints":{"allow":["GET"]}}],"collection":[{"href":"https:\/\/citycampus.osu.cz\/sport\/wp-json\/wp\/v2\/pages"}],"about":[{"href":"https:\/\/citycampus.osu.cz\/sport\/wp-json\/wp\/v2\/types\/page"}],"author":[{"embeddable":true,"href":"https:\/\/citycampus.osu.cz\/sport\/wp-json\/wp\/v2\/users\/4"}],"replies":[{"embeddable":true,"href":"https:\/\/citycampus.osu.cz\/sport\/wp-json\/wp\/v2\/comments?post=17676"}],"version-history":[{"count":63,"href":"https:\/\/citycampus.osu.cz\/sport\/wp-json\/wp\/v2\/pages\/17676\/revisions"}],"predecessor-version":[{"id":19991,"href":"https:\/\/citycampus.osu.cz\/sport\/wp-json\/wp\/v2\/pages\/17676\/revisions\/19991"}],"up":[{"embeddable":true,"href":"https:\/\/citycampus.osu.cz\/sport\/wp-json\/wp\/v2\/pages\/17708"}],"wp:attachment":[{"href":"https:\/\/citycampus.osu.cz\/sport\/wp-json\/wp\/v2\/media?parent=17676"}],"curies":[{"name":"wp","href":"https:\/\/api.w.org\/{rel}","templated":true}]}}