{"id":17875,"date":"2023-02-08T08:39:06","date_gmt":"2023-02-08T07:39:06","guid":{"rendered":"https:\/\/projekty.osu.cz\/citycampus\/sport\/?page_id=17875"},"modified":"2025-12-05T05:40:28","modified_gmt":"2025-12-05T04:40:28","slug":"bezecky-oval-outdoor","status":"publish","type":"page","link":"https:\/\/citycampus.osu.cz\/sport\/sportoviste\/bezecky-oval-outdoor\/","title":{"rendered":"B\u011b\u017eeck\u00fd ov\u00e1l OUTDOOR"},"content":{"rendered":"\t\t<div data-elementor-type=\"wp-page\" data-elementor-id=\"17875\" class=\"elementor elementor-17875\">\n\t\t\t\t\t\t<section class=\"elementor-section elementor-top-section elementor-element elementor-element-13f20109 elementor-section-stretched content-page elementor-section-full_width elementor-section-height-full elementor-section-items-stretch elementor-section-content-top elementor-section-height-default\" data-id=\"13f20109\" data-element_type=\"section\" data-e-type=\"section\" data-settings=\"{&quot;stretch_section&quot;:&quot;section-stretched&quot;,&quot;background_background&quot;:&quot;classic&quot;,&quot;shape_divider_bottom&quot;:&quot;opacity-tilt&quot;}\">\n\t\t\t\t\t\t\t<div class=\"elementor-background-overlay\"><\/div>\n\t\t\t\t\t\t<div class=\"elementor-shape elementor-shape-bottom\" aria-hidden=\"true\" data-negative=\"false\">\n\t\t\t<svg xmlns=\"http:\/\/www.w3.org\/2000\/svg\" viewBox=\"0 0 2600 131.1\" preserveAspectRatio=\"none\">\n\t<path class=\"elementor-shape-fill\" d=\"M0 0L2600 0 2600 69.1 0 0z\"\/>\n\t<path class=\"elementor-shape-fill\" style=\"opacity:0.5\" d=\"M0 0L2600 0 2600 69.1 0 69.1z\"\/>\n\t<path class=\"elementor-shape-fill\" style=\"opacity:0.25\" d=\"M2600 0L0 0 0 130.1 2600 69.1z\"\/>\n<\/svg>\t\t<\/div>\n\t\t\t\t\t<div class=\"elementor-container elementor-column-gap-no\">\n\t\t\t\t\t<div class=\"elementor-column elementor-col-100 elementor-top-column elementor-element elementor-element-5b20e8e3 elementor-invisible\" data-id=\"5b20e8e3\" data-element_type=\"column\" data-e-type=\"column\" data-settings=\"{&quot;background_background&quot;:&quot;classic&quot;,&quot;animation&quot;:&quot;fadeIn&quot;}\">\n\t\t\t<div class=\"elementor-widget-wrap elementor-element-populated\">\n\t\t\t\t\t<div class=\"elementor-background-overlay\"><\/div>\n\t\t\t\t\t\t<section class=\"elementor-section elementor-inner-section elementor-element elementor-element-1ff3d0cc elementor-section-boxed elementor-section-height-default elementor-section-height-default elementor-invisible\" data-id=\"1ff3d0cc\" data-element_type=\"section\" data-e-type=\"section\" data-settings=\"{&quot;animation&quot;:&quot;fadeInUp&quot;,&quot;animation_delay&quot;:500}\">\n\t\t\t\t\t\t<div class=\"elementor-container elementor-column-gap-default\">\n\t\t\t\t\t<div class=\"elementor-column elementor-col-100 elementor-inner-column elementor-element elementor-element-762a63ba\" data-id=\"762a63ba\" data-element_type=\"column\" data-e-type=\"column\" data-settings=\"{&quot;background_background&quot;:&quot;classic&quot;}\">\n\t\t\t<div class=\"elementor-widget-wrap elementor-element-populated\">\n\t\t\t\t\t\t<div class=\"elementor-element elementor-element-f9eef6e elementor-widget elementor-widget-heading\" data-id=\"f9eef6e\" data-element_type=\"widget\" data-e-type=\"widget\" data-widget_type=\"heading.default\">\n\t\t\t\t<div class=\"elementor-widget-container\">\n\t\t\t\t\t<h2 class=\"elementor-heading-title elementor-size-default\">B\u011a\u017dECK\u00dd OV\u00c1L OUTDOOR<\/h2>\t\t\t\t<\/div>\n\t\t\t\t<\/div>\n\t\t\t\t<div class=\"elementor-element elementor-element-68ca5b3b elementor-arrows-position-inside elementor-widget elementor-widget-image-carousel\" data-id=\"68ca5b3b\" data-element_type=\"widget\" data-e-type=\"widget\" data-settings=\"{&quot;slides_to_show&quot;:&quot;3&quot;,&quot;image_spacing_custom&quot;:{&quot;unit&quot;:&quot;px&quot;,&quot;size&quot;:9,&quot;sizes&quot;:[]},&quot;navigation&quot;:&quot;arrows&quot;,&quot;autoplay&quot;:&quot;yes&quot;,&quot;pause_on_hover&quot;:&quot;yes&quot;,&quot;pause_on_interaction&quot;:&quot;yes&quot;,&quot;autoplay_speed&quot;:5000,&quot;infinite&quot;:&quot;yes&quot;,&quot;speed&quot;:500,&quot;image_spacing_custom_tablet&quot;:{&quot;unit&quot;:&quot;px&quot;,&quot;size&quot;:&quot;&quot;,&quot;sizes&quot;:[]},&quot;image_spacing_custom_mobile&quot;:{&quot;unit&quot;:&quot;px&quot;,&quot;size&quot;:&quot;&quot;,&quot;sizes&quot;:[]}}\" data-widget_type=\"image-carousel.default\">\n\t\t\t\t<div class=\"elementor-widget-container\">\n\t\t\t\t\t\t\t<div class=\"elementor-image-carousel-wrapper swiper\" role=\"region\" aria-roledescription=\"carousel\" aria-label=\"Obr\u00e1zkov\u00fd koloto\u010d\" dir=\"ltr\">\n\t\t\t<div class=\"elementor-image-carousel swiper-wrapper swiper-image-stretch\" aria-live=\"off\">\n\t\t\t\t\t\t\t\t<div class=\"swiper-slide\" role=\"group\" aria-roledescription=\"slide\" aria-label=\"1 z 3\"><a data-elementor-open-lightbox=\"yes\" data-elementor-lightbox-slideshow=\"68ca5b3b\" data-elementor-lightbox-title=\"IMG_0265\" data-e-action-hash=\"#elementor-action%3Aaction%3Dlightbox%26settings%3DeyJpZCI6MjAzMjEsInVybCI6Imh0dHBzOlwvXC9jaXR5Y2FtcHVzLm9zdS5jelwvc3BvcnRcL3dwLWNvbnRlbnRcL3VwbG9hZHNcLzIwMjVcLzEyXC9JTUdfMDI2NS1lMTc2NDkwOTYyMTM0MC5qcGciLCJzbGlkZXNob3ciOiI2OGNhNWIzYiJ9\" href=\"https:\/\/citycampus.osu.cz\/sport\/wp-content\/uploads\/2025\/12\/IMG_0265-e1764909621340.jpg\"><figure class=\"swiper-slide-inner\"><img decoding=\"async\" class=\"swiper-slide-image\" src=\"https:\/\/citycampus.osu.cz\/sport\/wp-content\/uploads\/2025\/12\/IMG_0265-e1764909621340-685x1024.jpg\" alt=\"IMG_0265\" \/><\/figure><\/a><\/div><div class=\"swiper-slide\" role=\"group\" aria-roledescription=\"slide\" aria-label=\"2 z 3\"><a data-elementor-open-lightbox=\"yes\" data-elementor-lightbox-slideshow=\"68ca5b3b\" data-elementor-lightbox-title=\"IMG_0264\" data-e-action-hash=\"#elementor-action%3Aaction%3Dlightbox%26settings%3DeyJpZCI6MjAzMTksInVybCI6Imh0dHBzOlwvXC9jaXR5Y2FtcHVzLm9zdS5jelwvc3BvcnRcL3dwLWNvbnRlbnRcL3VwbG9hZHNcLzIwMjVcLzEyXC9JTUdfMDI2NC1lMTc2NDkwOTYwMjE1OS5qcGciLCJzbGlkZXNob3ciOiI2OGNhNWIzYiJ9\" href=\"https:\/\/citycampus.osu.cz\/sport\/wp-content\/uploads\/2025\/12\/IMG_0264-e1764909602159.jpg\"><figure class=\"swiper-slide-inner\"><img decoding=\"async\" class=\"swiper-slide-image\" src=\"https:\/\/citycampus.osu.cz\/sport\/wp-content\/uploads\/2025\/12\/IMG_0264-e1764909602159-685x1024.jpg\" alt=\"IMG_0264\" \/><\/figure><\/a><\/div><div class=\"swiper-slide\" role=\"group\" aria-roledescription=\"slide\" aria-label=\"3 z 3\"><a data-elementor-open-lightbox=\"yes\" data-elementor-lightbox-slideshow=\"68ca5b3b\" data-elementor-lightbox-title=\"IMG_0263\" data-e-action-hash=\"#elementor-action%3Aaction%3Dlightbox%26settings%3DeyJpZCI6MjAzMjIsInVybCI6Imh0dHBzOlwvXC9jaXR5Y2FtcHVzLm9zdS5jelwvc3BvcnRcL3dwLWNvbnRlbnRcL3VwbG9hZHNcLzIwMjVcLzEyXC9JTUdfMDI2My1lMTc2NDkwOTQ4NzE2MS5qcGciLCJzbGlkZXNob3ciOiI2OGNhNWIzYiJ9\" href=\"https:\/\/citycampus.osu.cz\/sport\/wp-content\/uploads\/2025\/12\/IMG_0263-e1764909487161.jpg\"><figure class=\"swiper-slide-inner\"><img decoding=\"async\" class=\"swiper-slide-image\" src=\"https:\/\/citycampus.osu.cz\/sport\/wp-content\/uploads\/2025\/12\/IMG_0263-e1764909487161-685x1024.jpg\" alt=\"IMG_0263\" \/><\/figure><\/a><\/div>\t\t\t<\/div>\n\t\t\t\t\t\t\t\t\t\t\t\t<div class=\"elementor-swiper-button elementor-swiper-button-prev\" role=\"button\" tabindex=\"0\">\n\t\t\t\t\t\t<i aria-hidden=\"true\" class=\"eicon-chevron-left\"><\/i>\t\t\t\t\t<\/div>\n\t\t\t\t\t<div class=\"elementor-swiper-button elementor-swiper-button-next\" role=\"button\" tabindex=\"0\">\n\t\t\t\t\t\t<i aria-hidden=\"true\" class=\"eicon-chevron-right\"><\/i>\t\t\t\t\t<\/div>\n\t\t\t\t\n\t\t\t\t\t\t\t\t\t<\/div>\n\t\t\t\t\t\t<\/div>\n\t\t\t\t<\/div>\n\t\t\t\t<div class=\"elementor-element elementor-element-2736113 elementor-align-center elementor-widget elementor-widget-button\" data-id=\"2736113\" data-element_type=\"widget\" data-e-type=\"widget\" data-widget_type=\"button.default\">\n\t\t\t\t<div class=\"elementor-widget-container\">\n\t\t\t\t\t\t\t\t\t<div class=\"elementor-button-wrapper\">\n\t\t\t\t\t<a class=\"elementor-button elementor-button-link elementor-size-sm\" href=\"https:\/\/osu.isportsystem.cz\">\n\t\t\t\t\t\t<span class=\"elementor-button-content-wrapper\">\n\t\t\t\t\t\t<span class=\"elementor-button-icon\">\n\t\t\t\t<i aria-hidden=\"true\" class=\"far fa-calendar-alt\"><\/i>\t\t\t<\/span>\n\t\t\t\t\t\t\t\t\t<span class=\"elementor-button-text\">REZERVACE<\/span>\n\t\t\t\t\t<\/span>\n\t\t\t\t\t<\/a>\n\t\t\t\t<\/div>\n\t\t\t\t\t\t\t\t<\/div>\n\t\t\t\t<\/div>\n\t\t\t\t<div class=\"elementor-element elementor-element-3930df76 elementor-widget elementor-widget-text-editor\" data-id=\"3930df76\" data-element_type=\"widget\" data-e-type=\"widget\" data-widget_type=\"text-editor.default\">\n\t\t\t\t<div class=\"elementor-widget-container\">\n\t\t\t\t\t\t\t\t\t<p><span style=\"color: #000000;\"><span class=\"TextRun SCXW146689545 BCX9\" lang=\"CS-CZ\" xml:lang=\"CS-CZ\" data-contrast=\"auto\"><span class=\"NormalTextRun SCXW146689545 BCX9\">200 m<\/span><span class=\"NormalTextRun SCXW146689545 BCX9\"> dlouh\u00fd nekryt\u00fd <\/span><span class=\"NormalTextRun SCXW146689545 BCX9\">osv\u011btlen\u00fd <\/span><span class=\"NormalTextRun SCXW146689545 BCX9\">ov\u00e1l bez klopen\u00fdch zat\u00e1<\/span><span class=\"NormalTextRun SCXW146689545 BCX9\">\u010dek s\u202fbetonov\u00fdm povrchem se nach\u00e1z\u00ed na st\u0159e\u0161e budovy. Je <\/span><span class=\"NormalTextRun SCXW146689545 BCX9\">mo\u017en<\/span><span class=\"NormalTextRun SCXW146689545 BCX9\">\u00e9<\/span><span class=\"NormalTextRun SCXW146689545 BCX9\">\u00a0jej vyu\u017e\u00edt<\/span><span class=\"NormalTextRun SCXW146689545 BCX9\">\u00a0<\/span><span class=\"NormalTextRun SCXW146689545 BCX9\">pro inline brusle<\/span><span class=\"NormalTextRun SCXW146689545 BCX9\">n\u00ed<\/span><span class=\"NormalTextRun SCXW146689545 BCX9\">, kole\u010dkov\u00e9 ly\u017ee atd.<\/span><\/span><span class=\"EOP SCXW146689545 BCX9\" data-ccp-props=\"{&quot;201341983&quot;:0,&quot;335551550&quot;:6,&quot;335551620&quot;:6,&quot;335559739&quot;:160,&quot;335559740&quot;:259}\">\u00a0<\/span><\/span><\/p><p style=\"font-weight: 400;\">B\u011b\u017eeck\u00fd ov\u00e1l je ve\u0159ejnosti p\u0159\u00edstupn\u00fd v n\u00e1sleduj\u00edc\u00edch \u010dasech:<\/p><p><strong>duben \u2013 \u0159\u00edjen:<\/strong> 8:00\u201321:00<\/p><p><strong>listopad \u2013 b\u0159ezen:<\/strong> 8:00\u201318:00<\/p>\t\t\t\t\t\t\t\t<\/div>\n\t\t\t\t<\/div>\n\t\t\t\t\t<\/div>\n\t\t<\/div>\n\t\t\t\t\t<\/div>\n\t\t<\/section>\n\t\t\t\t\t<\/div>\n\t\t<\/div>\n\t\t\t\t\t<\/div>\n\t\t<\/section>\n\t\t\t\t<section class=\"elementor-section elementor-top-section elementor-element elementor-element-6f30b4c3 elementor-section-stretched elementor-section-boxed elementor-section-height-default elementor-section-height-default\" data-id=\"6f30b4c3\" data-element_type=\"section\" data-e-type=\"section\" data-settings=\"{&quot;stretch_section&quot;:&quot;section-stretched&quot;}\">\n\t\t\t\t\t\t<div class=\"elementor-container elementor-column-gap-default\">\n\t\t\t\t\t<div class=\"elementor-column elementor-col-100 elementor-top-column elementor-element elementor-element-20bb81cf\" data-id=\"20bb81cf\" data-element_type=\"column\" data-e-type=\"column\">\n\t\t\t<div class=\"elementor-widget-wrap elementor-element-populated\">\n\t\t\t\t\t\t<div class=\"elementor-element elementor-element-b5a3a4d elementor-widget-divider--view-line elementor-widget elementor-widget-divider\" data-id=\"b5a3a4d\" data-element_type=\"widget\" data-e-type=\"widget\" data-widget_type=\"divider.default\">\n\t\t\t\t<div class=\"elementor-widget-container\">\n\t\t\t\t\t\t\t<div class=\"elementor-divider\">\n\t\t\t<span class=\"elementor-divider-separator\">\n\t\t\t\t\t\t<\/span>\n\t\t<\/div>\n\t\t\t\t\t\t<\/div>\n\t\t\t\t<\/div>\n\t\t\t\t<div class=\"elementor-element elementor-element-1b314d07 elementor-align-center elementor-widget elementor-widget-button\" data-id=\"1b314d07\" data-element_type=\"widget\" data-e-type=\"widget\" data-widget_type=\"button.default\">\n\t\t\t\t<div class=\"elementor-widget-container\">\n\t\t\t\t\t\t\t\t\t<div class=\"elementor-button-wrapper\">\n\t\t\t\t\t<a class=\"elementor-button elementor-button-link elementor-size-md\" href=\"https:\/\/citycampus.osu.cz\/sport\/wp-content\/uploads\/2023\/02\/PROVOZNI-RAD-SPORTOVIST-po-konzultacich.pdf\">\n\t\t\t\t\t\t<span class=\"elementor-button-content-wrapper\">\n\t\t\t\t\t\t<span class=\"elementor-button-icon\">\n\t\t\t\t<i aria-hidden=\"true\" class=\"fas fa-angle-double-right\"><\/i>\t\t\t<\/span>\n\t\t\t\t\t\t\t\t\t<span class=\"elementor-button-text\">Provozn\u00ed \u0159\u00e1d sportovi\u0161\u0165 Ostravsk\u00e9 univerzity<\/span>\n\t\t\t\t\t<\/span>\n\t\t\t\t\t<\/a>\n\t\t\t\t<\/div>\n\t\t\t\t\t\t\t\t<\/div>\n\t\t\t\t<\/div>\n\t\t\t\t<div class=\"elementor-element elementor-element-309049f elementor-widget elementor-widget-spacer\" data-id=\"309049f\" data-element_type=\"widget\" data-e-type=\"widget\" data-widget_type=\"spacer.default\">\n\t\t\t\t<div class=\"elementor-widget-container\">\n\t\t\t\t\t\t\t<div class=\"elementor-spacer\">\n\t\t\t<div class=\"elementor-spacer-inner\"><\/div>\n\t\t<\/div>\n\t\t\t\t\t\t<\/div>\n\t\t\t\t<\/div>\n\t\t\t\t\t<\/div>\n\t\t<\/div>\n\t\t\t\t\t<\/div>\n\t\t<\/section>\n\t\t\t\t<\/div>\n\t\t","protected":false},"excerpt":{"rendered":"<p>B\u011a\u017dECK\u00dd OV\u00c1L OUTDOOR REZERVACE 200 m dlouh\u00fd nekryt\u00fd osv\u011btlen\u00fd ov\u00e1l bez klopen\u00fdch zat\u00e1\u010dek s\u202fbetonov\u00fdm povrchem se nach\u00e1z\u00ed na st\u0159e\u0161e budovy. Je mo\u017en\u00e9\u00a0jej vyu\u017e\u00edt\u00a0pro inline bruslen\u00ed,&hellip;<\/p>\n<p> <a class=\"more-link\" href=\"https:\/\/citycampus.osu.cz\/sport\/sportoviste\/bezecky-oval-outdoor\/\">\u010ct\u011bte v\u00edce<\/a><\/p>\n","protected":false},"author":4,"featured_media":0,"parent":17706,"menu_order":3,"comment_status":"closed","ping_status":"closed","template":"","meta":{"footnotes":""},"class_list":["post-17875","page","type-page","status-publish"],"_links":{"self":[{"href":"https:\/\/citycampus.osu.cz\/sport\/wp-json\/wp\/v2\/pages\/17875","targetHints":{"allow":["GET"]}}],"collection":[{"href":"https:\/\/citycampus.osu.cz\/sport\/wp-json\/wp\/v2\/pages"}],"about":[{"href":"https:\/\/citycampus.osu.cz\/sport\/wp-json\/wp\/v2\/types\/page"}],"author":[{"embeddable":true,"href":"https:\/\/citycampus.osu.cz\/sport\/wp-json\/wp\/v2\/users\/4"}],"replies":[{"embeddable":true,"href":"https:\/\/citycampus.osu.cz\/sport\/wp-json\/wp\/v2\/comments?post=17875"}],"version-history":[{"count":39,"href":"https:\/\/citycampus.osu.cz\/sport\/wp-json\/wp\/v2\/pages\/17875\/revisions"}],"predecessor-version":[{"id":20325,"href":"https:\/\/citycampus.osu.cz\/sport\/wp-json\/wp\/v2\/pages\/17875\/revisions\/20325"}],"up":[{"embeddable":true,"href":"https:\/\/citycampus.osu.cz\/sport\/wp-json\/wp\/v2\/pages\/17706"}],"wp:attachment":[{"href":"https:\/\/citycampus.osu.cz\/sport\/wp-json\/wp\/v2\/media?parent=17875"}],"curies":[{"name":"wp","href":"https:\/\/api.w.org\/{rel}","templated":true}]}}