{"id":17928,"date":"2023-02-08T09:16:33","date_gmt":"2023-02-08T08:16:33","guid":{"rendered":"https:\/\/projekty.osu.cz\/citycampus\/sport\/?page_id=17928"},"modified":"2023-08-18T17:25:11","modified_gmt":"2023-08-18T15:25:11","slug":"posilovna","status":"publish","type":"page","link":"https:\/\/citycampus.osu.cz\/sport\/sportoviste\/posilovna\/","title":{"rendered":"Posilovna"},"content":{"rendered":"\t\t<div data-elementor-type=\"wp-page\" data-elementor-id=\"17928\" class=\"elementor elementor-17928\">\n\t\t\t\t\t\t<section class=\"elementor-section elementor-top-section elementor-element elementor-element-6d2dc22e elementor-section-stretched content-page elementor-section-full_width elementor-section-height-full elementor-section-items-stretch elementor-section-content-top elementor-section-height-default\" data-id=\"6d2dc22e\" data-element_type=\"section\" data-e-type=\"section\" data-settings=\"{&quot;stretch_section&quot;:&quot;section-stretched&quot;,&quot;background_background&quot;:&quot;classic&quot;,&quot;shape_divider_bottom&quot;:&quot;opacity-tilt&quot;}\">\n\t\t\t\t\t\t\t<div class=\"elementor-background-overlay\"><\/div>\n\t\t\t\t\t\t<div class=\"elementor-shape elementor-shape-bottom\" aria-hidden=\"true\" data-negative=\"false\">\n\t\t\t<svg xmlns=\"http:\/\/www.w3.org\/2000\/svg\" viewBox=\"0 0 2600 131.1\" preserveAspectRatio=\"none\">\n\t<path class=\"elementor-shape-fill\" d=\"M0 0L2600 0 2600 69.1 0 0z\"\/>\n\t<path class=\"elementor-shape-fill\" style=\"opacity:0.5\" d=\"M0 0L2600 0 2600 69.1 0 69.1z\"\/>\n\t<path class=\"elementor-shape-fill\" style=\"opacity:0.25\" d=\"M2600 0L0 0 0 130.1 2600 69.1z\"\/>\n<\/svg>\t\t<\/div>\n\t\t\t\t\t<div class=\"elementor-container elementor-column-gap-no\">\n\t\t\t\t\t<div class=\"elementor-column elementor-col-100 elementor-top-column elementor-element elementor-element-2ab7d09d elementor-invisible\" data-id=\"2ab7d09d\" data-element_type=\"column\" data-e-type=\"column\" data-settings=\"{&quot;background_background&quot;:&quot;classic&quot;,&quot;animation&quot;:&quot;fadeIn&quot;}\">\n\t\t\t<div class=\"elementor-widget-wrap elementor-element-populated\">\n\t\t\t\t\t<div class=\"elementor-background-overlay\"><\/div>\n\t\t\t\t\t\t<section class=\"elementor-section elementor-inner-section elementor-element elementor-element-67f36069 elementor-section-boxed elementor-section-height-default elementor-section-height-default elementor-invisible\" data-id=\"67f36069\" data-element_type=\"section\" data-e-type=\"section\" data-settings=\"{&quot;animation&quot;:&quot;fadeInUp&quot;,&quot;animation_delay&quot;:500}\">\n\t\t\t\t\t\t<div class=\"elementor-container elementor-column-gap-default\">\n\t\t\t\t\t<div class=\"elementor-column elementor-col-100 elementor-inner-column elementor-element elementor-element-138969a7\" data-id=\"138969a7\" data-element_type=\"column\" data-e-type=\"column\" data-settings=\"{&quot;background_background&quot;:&quot;classic&quot;}\">\n\t\t\t<div class=\"elementor-widget-wrap elementor-element-populated\">\n\t\t\t\t\t\t<div class=\"elementor-element elementor-element-f0600e3 elementor-invisible elementor-widget elementor-widget-heading\" data-id=\"f0600e3\" data-element_type=\"widget\" data-e-type=\"widget\" data-settings=\"{&quot;_animation&quot;:&quot;fadeInUp&quot;,&quot;_animation_delay&quot;:500}\" data-widget_type=\"heading.default\">\n\t\t\t\t<div class=\"elementor-widget-container\">\n\t\t\t\t\t<h1 class=\"elementor-heading-title elementor-size-xxl\">POSILOVNA<\/h1>\t\t\t\t<\/div>\n\t\t\t\t<\/div>\n\t\t\t\t<div class=\"elementor-element elementor-element-62401862 elementor-arrows-position-inside elementor-widget elementor-widget-image-carousel\" data-id=\"62401862\" data-element_type=\"widget\" data-e-type=\"widget\" data-settings=\"{&quot;slides_to_show&quot;:&quot;3&quot;,&quot;image_spacing_custom&quot;:{&quot;unit&quot;:&quot;px&quot;,&quot;size&quot;:9,&quot;sizes&quot;:[]},&quot;navigation&quot;:&quot;arrows&quot;,&quot;autoplay&quot;:&quot;yes&quot;,&quot;pause_on_hover&quot;:&quot;yes&quot;,&quot;pause_on_interaction&quot;:&quot;yes&quot;,&quot;autoplay_speed&quot;:5000,&quot;infinite&quot;:&quot;yes&quot;,&quot;speed&quot;:500,&quot;image_spacing_custom_tablet&quot;:{&quot;unit&quot;:&quot;px&quot;,&quot;size&quot;:&quot;&quot;,&quot;sizes&quot;:[]},&quot;image_spacing_custom_mobile&quot;:{&quot;unit&quot;:&quot;px&quot;,&quot;size&quot;:&quot;&quot;,&quot;sizes&quot;:[]}}\" data-widget_type=\"image-carousel.default\">\n\t\t\t\t<div class=\"elementor-widget-container\">\n\t\t\t\t\t\t\t<div class=\"elementor-image-carousel-wrapper swiper\" role=\"region\" aria-roledescription=\"carousel\" aria-label=\"Obr\u00e1zkov\u00fd koloto\u010d\" dir=\"ltr\">\n\t\t\t<div class=\"elementor-image-carousel swiper-wrapper swiper-image-stretch\" aria-live=\"off\">\n\t\t\t\t\t\t\t\t<div class=\"swiper-slide\" role=\"group\" aria-roledescription=\"slide\" aria-label=\"1 z 5\"><a data-elementor-open-lightbox=\"yes\" data-elementor-lightbox-slideshow=\"62401862\" data-elementor-lightbox-title=\"P1148652\" data-e-action-hash=\"#elementor-action%3Aaction%3Dlightbox%26settings%3DeyJpZCI6MTg1NjAsInVybCI6Imh0dHBzOlwvXC9jaXR5Y2FtcHVzLm9zdS5jelwvc3BvcnRcL3dwLWNvbnRlbnRcL3VwbG9hZHNcLzIwMjNcLzAzXC9QMTE0ODY1Mi1zY2FsZWQtZTE2NzgyMjYwNTI1MjIuanBnIiwic2xpZGVzaG93IjoiNjI0MDE4NjIifQ%3D%3D\" href=\"https:\/\/citycampus.osu.cz\/sport\/wp-content\/uploads\/2023\/03\/P1148652-scaled-e1678226052522.jpg\"><figure class=\"swiper-slide-inner\"><img decoding=\"async\" class=\"swiper-slide-image\" src=\"https:\/\/citycampus.osu.cz\/sport\/wp-content\/uploads\/2023\/03\/P1148652-scaled-e1678226052522-1024x683.jpg\" alt=\"P1148652\" \/><\/figure><\/a><\/div><div class=\"swiper-slide\" role=\"group\" aria-roledescription=\"slide\" aria-label=\"2 z 5\"><a data-elementor-open-lightbox=\"yes\" data-elementor-lightbox-slideshow=\"62401862\" data-elementor-lightbox-title=\"P1148647\" data-e-action-hash=\"#elementor-action%3Aaction%3Dlightbox%26settings%3DeyJpZCI6MTg1NTksInVybCI6Imh0dHBzOlwvXC9jaXR5Y2FtcHVzLm9zdS5jelwvc3BvcnRcL3dwLWNvbnRlbnRcL3VwbG9hZHNcLzIwMjNcLzAzXC9QMTE0ODY0Ny1zY2FsZWQtZTE2NzgyMjYwODI5NDUuanBnIiwic2xpZGVzaG93IjoiNjI0MDE4NjIifQ%3D%3D\" href=\"https:\/\/citycampus.osu.cz\/sport\/wp-content\/uploads\/2023\/03\/P1148647-scaled-e1678226082945.jpg\"><figure class=\"swiper-slide-inner\"><img decoding=\"async\" class=\"swiper-slide-image\" src=\"https:\/\/citycampus.osu.cz\/sport\/wp-content\/uploads\/2023\/03\/P1148647-scaled-e1678226082945-1024x683.jpg\" alt=\"P1148647\" \/><\/figure><\/a><\/div><div class=\"swiper-slide\" role=\"group\" aria-roledescription=\"slide\" aria-label=\"3 z 5\"><a data-elementor-open-lightbox=\"yes\" data-elementor-lightbox-slideshow=\"62401862\" data-elementor-lightbox-title=\"P1148620\" data-e-action-hash=\"#elementor-action%3Aaction%3Dlightbox%26settings%3DeyJpZCI6MTg1NTcsInVybCI6Imh0dHBzOlwvXC9jaXR5Y2FtcHVzLm9zdS5jelwvc3BvcnRcL3dwLWNvbnRlbnRcL3VwbG9hZHNcLzIwMjNcLzAzXC9QMTE0ODYyMC1zY2FsZWQtZTE2NzgyMjYxMDE1ODcuanBnIiwic2xpZGVzaG93IjoiNjI0MDE4NjIifQ%3D%3D\" href=\"https:\/\/citycampus.osu.cz\/sport\/wp-content\/uploads\/2023\/03\/P1148620-scaled-e1678226101587.jpg\"><figure class=\"swiper-slide-inner\"><img decoding=\"async\" class=\"swiper-slide-image\" src=\"https:\/\/citycampus.osu.cz\/sport\/wp-content\/uploads\/2023\/03\/P1148620-scaled-e1678226101587-1024x683.jpg\" alt=\"P1148620\" \/><\/figure><\/a><\/div><div class=\"swiper-slide\" role=\"group\" aria-roledescription=\"slide\" aria-label=\"4 z 5\"><a data-elementor-open-lightbox=\"yes\" data-elementor-lightbox-slideshow=\"62401862\" data-elementor-lightbox-title=\"OU_JanaGreplova_posilovna\" data-e-action-hash=\"#elementor-action%3Aaction%3Dlightbox%26settings%3DeyJpZCI6MTg1NDgsInVybCI6Imh0dHBzOlwvXC9jaXR5Y2FtcHVzLm9zdS5jelwvc3BvcnRcL3dwLWNvbnRlbnRcL3VwbG9hZHNcLzIwMjNcLzAzXC9PVV9KYW5hR3JlcGxvdmFfcG9zaWxvdm5hLXNjYWxlZC5qcGciLCJzbGlkZXNob3ciOiI2MjQwMTg2MiJ9\" href=\"https:\/\/citycampus.osu.cz\/sport\/wp-content\/uploads\/2023\/03\/OU_JanaGreplova_posilovna-scaled.jpg\"><figure class=\"swiper-slide-inner\"><img decoding=\"async\" class=\"swiper-slide-image\" src=\"https:\/\/citycampus.osu.cz\/sport\/wp-content\/uploads\/2023\/03\/OU_JanaGreplova_posilovna-1024x681.jpg\" alt=\"OU_JanaGreplova_posilovna\" \/><\/figure><\/a><\/div><div class=\"swiper-slide\" role=\"group\" aria-roledescription=\"slide\" aria-label=\"5 z 5\"><a data-elementor-open-lightbox=\"yes\" data-elementor-lightbox-slideshow=\"62401862\" data-elementor-lightbox-title=\"OU_JanaGreplova_gym\" data-e-action-hash=\"#elementor-action%3Aaction%3Dlightbox%26settings%3DeyJpZCI6MTg1NDYsInVybCI6Imh0dHBzOlwvXC9jaXR5Y2FtcHVzLm9zdS5jelwvc3BvcnRcL3dwLWNvbnRlbnRcL3VwbG9hZHNcLzIwMjNcLzAzXC9PVV9KYW5hR3JlcGxvdmFfZ3ltLXNjYWxlZC5qcGciLCJzbGlkZXNob3ciOiI2MjQwMTg2MiJ9\" href=\"https:\/\/citycampus.osu.cz\/sport\/wp-content\/uploads\/2023\/03\/OU_JanaGreplova_gym-scaled.jpg\"><figure class=\"swiper-slide-inner\"><img decoding=\"async\" class=\"swiper-slide-image\" src=\"https:\/\/citycampus.osu.cz\/sport\/wp-content\/uploads\/2023\/03\/OU_JanaGreplova_gym-1024x681.jpg\" alt=\"OU_JanaGreplova_gym\" \/><\/figure><\/a><\/div>\t\t\t<\/div>\n\t\t\t\t\t\t\t\t\t\t\t\t<div class=\"elementor-swiper-button elementor-swiper-button-prev\" role=\"button\" tabindex=\"0\">\n\t\t\t\t\t\t<i aria-hidden=\"true\" class=\"eicon-chevron-left\"><\/i>\t\t\t\t\t<\/div>\n\t\t\t\t\t<div class=\"elementor-swiper-button elementor-swiper-button-next\" role=\"button\" tabindex=\"0\">\n\t\t\t\t\t\t<i aria-hidden=\"true\" class=\"eicon-chevron-right\"><\/i>\t\t\t\t\t<\/div>\n\t\t\t\t\n\t\t\t\t\t\t\t\t\t<\/div>\n\t\t\t\t\t\t<\/div>\n\t\t\t\t<\/div>\n\t\t\t\t<div class=\"elementor-element elementor-element-a1af7e9 elementor-align-center elementor-widget elementor-widget-button\" data-id=\"a1af7e9\" data-element_type=\"widget\" data-e-type=\"widget\" data-widget_type=\"button.default\">\n\t\t\t\t<div class=\"elementor-widget-container\">\n\t\t\t\t\t\t\t\t\t<div class=\"elementor-button-wrapper\">\n\t\t\t\t\t<a class=\"elementor-button elementor-button-link elementor-size-sm\" href=\"https:\/\/osu.isportsystem.cz\">\n\t\t\t\t\t\t<span class=\"elementor-button-content-wrapper\">\n\t\t\t\t\t\t<span class=\"elementor-button-icon\">\n\t\t\t\t<i aria-hidden=\"true\" class=\"far fa-calendar-alt\"><\/i>\t\t\t<\/span>\n\t\t\t\t\t\t\t\t\t<span class=\"elementor-button-text\">REZERVACE<\/span>\n\t\t\t\t\t<\/span>\n\t\t\t\t\t<\/a>\n\t\t\t\t<\/div>\n\t\t\t\t\t\t\t\t<\/div>\n\t\t\t\t<\/div>\n\t\t\t\t<div class=\"elementor-element elementor-element-5144261d elementor-widget elementor-widget-text-editor\" data-id=\"5144261d\" data-element_type=\"widget\" data-e-type=\"widget\" data-widget_type=\"text-editor.default\">\n\t\t\t\t<div class=\"elementor-widget-container\">\n\t\t\t\t\t\t\t\t\t<p><span class=\"NormalTextRun SCXW80693231 BCX9\">Posilovna 15 x 17 m <\/span><span class=\"NormalTextRun SCXW80693231 BCX9\">se zrcadlovou st\u011bnou <\/span><span class=\"NormalTextRun SCXW80693231 BCX9\">je <\/span><span class=\"NormalTextRun SCXW80693231 BCX9\">v\u202fsilov\u00e9 \u010d\u00e1sti <\/span><span class=\"NormalTextRun SCXW80693231 BCX9\">vybavena <\/span><span class=\"NormalTextRun SCXW80693231 BCX9\">stroji <\/span><span class=\"SpellingError SCXW80693231 BCX9\">G<\/span><span class=\"SpellingError SCXW80693231 BCX9\">r\u00fcnsport<\/span><span class=\"NormalTextRun SCXW80693231 BCX9\">, <\/span><span class=\"NormalTextRun SCXW80693231 BCX9\">dv\u011bma <\/span><span class=\"NormalTextRun SCXW80693231 BCX9\">posilovac\u00ed<\/span><span class=\"NormalTextRun SCXW80693231 BCX9\">mi<\/span><span class=\"NormalTextRun SCXW80693231 BCX9\"> klece<\/span><span class=\"NormalTextRun SCXW80693231 BCX9\">mi<\/span> <span class=\"SpellingError SCXW80693231 BCX9\">B<\/span><span class=\"SpellingError SCXW80693231 BCX9\">arbarian<\/span> <span class=\"NormalTextRun SCXW80693231 BCX9\">L<\/span><span class=\"NormalTextRun SCXW80693231 BCX9\">ine<\/span><span class=\"NormalTextRun SCXW80693231 BCX9\"> a v\u0161emi obvykl\u00fdmi typy \u010dinek. V\u202fkardio z\u00f3n\u011b m\u016f\u017eete vyu\u017e\u00edt<\/span><span class=\"NormalTextRun SCXW80693231 BCX9\">&nbsp;dva vesla\u0159sk\u00e9 trena\u017e\u00e9ry <\/span><span class=\"NormalTextRun SCXW80693231 BCX9\">(<\/span><span class=\"SpellingError SCXW80693231 BCX9\">Concept<\/span><span class=\"NormalTextRun SCXW80693231 BCX9\"> 2<\/span><span class=\"NormalTextRun SCXW80693231 BCX9\">)<\/span><span class=\"NormalTextRun SCXW80693231 BCX9\">, osm spinningov\u00fdch kol <\/span><span class=\"NormalTextRun SCXW80693231 BCX9\">(<\/span><span class=\"SpellingError SCXW80693231 BCX9\">L<\/span><span class=\"SpellingError SCXW80693231 BCX9\">ife<\/span> <span class=\"NormalTextRun SCXW80693231 BCX9\">F<\/span><span class=\"NormalTextRun SCXW80693231 BCX9\">itness<\/span><span class=\"NormalTextRun SCXW80693231 BCX9\">)<\/span><span class=\"NormalTextRun SCXW80693231 BCX9\">, \u010dty\u0159i kola <\/span><span class=\"NormalTextRun SCXW80693231 BCX9\">B<\/span><span class=\"NormalTextRun SCXW80693231 BCX9\">ike <\/span><span class=\"NormalTextRun SCXW80693231 BCX9\">E<\/span><span class=\"NormalTextRun SCXW80693231 BCX9\">rg (<\/span><span class=\"SpellingError SCXW80693231 BCX9\">C<\/span><span class=\"SpellingError SCXW80693231 BCX9\">oncept<\/span><span class=\"NormalTextRun SCXW80693231 BCX9\"> 2), dva b\u011b\u017eeck\u00e9 p\u00e1sy <\/span><span class=\"NormalTextRun SCXW80693231 BCX9\">(<\/span><span class=\"SpellingError SCXW80693231 BCX9\">L<\/span><span class=\"SpellingError SCXW80693231 BCX9\">ife<\/span> <span class=\"SpellingError SCXW80693231 BCX9\">S<\/span><span class=\"SpellingError SCXW80693231 BCX9\">pan<\/span><span class=\"NormalTextRun SCXW80693231 BCX9\"> TR 7000 pro s\u00e9rie<\/span><span class=\"NormalTextRun SCXW80693231 BCX9\">)<\/span><span class=\"NormalTextRun SCXW80693231 BCX9\">, jeden&nbsp;<\/span><span class=\"NormalTextRun SCXW80693231 BCX9\">S<\/span><span class=\"NormalTextRun SCXW80693231 BCX9\">ki <\/span><span class=\"NormalTextRun SCXW80693231 BCX9\">E<\/span><span class=\"NormalTextRun SCXW80693231 BCX9\">rg (<\/span><span class=\"SpellingError SCXW80693231 BCX9\">C<\/span><span class=\"SpellingError SCXW80693231 BCX9\">oncept<\/span><span class=\"NormalTextRun SCXW80693231 BCX9\"> 2)<\/span><span class=\"NormalTextRun SCXW80693231 BCX9\">, TRX a dal\u0161\u00ed.<\/span><\/p>\t\t\t\t\t\t\t\t<\/div>\n\t\t\t\t<\/div>\n\t\t\t\t\t<\/div>\n\t\t<\/div>\n\t\t\t\t\t<\/div>\n\t\t<\/section>\n\t\t\t\t\t<\/div>\n\t\t<\/div>\n\t\t\t\t\t<\/div>\n\t\t<\/section>\n\t\t\t\t<section class=\"elementor-section elementor-top-section elementor-element elementor-element-6a87ffc7 elementor-section-stretched elementor-section-boxed elementor-section-height-default elementor-section-height-default\" data-id=\"6a87ffc7\" data-element_type=\"section\" data-e-type=\"section\" data-settings=\"{&quot;stretch_section&quot;:&quot;section-stretched&quot;}\">\n\t\t\t\t\t\t<div class=\"elementor-container elementor-column-gap-default\">\n\t\t\t\t\t<div class=\"elementor-column elementor-col-100 elementor-top-column elementor-element elementor-element-52897e49\" data-id=\"52897e49\" data-element_type=\"column\" data-e-type=\"column\">\n\t\t\t<div class=\"elementor-widget-wrap elementor-element-populated\">\n\t\t\t\t\t\t<div class=\"elementor-element elementor-element-605c7de6 elementor-widget-divider--view-line elementor-widget elementor-widget-divider\" data-id=\"605c7de6\" data-element_type=\"widget\" data-e-type=\"widget\" data-widget_type=\"divider.default\">\n\t\t\t\t<div class=\"elementor-widget-container\">\n\t\t\t\t\t\t\t<div class=\"elementor-divider\">\n\t\t\t<span class=\"elementor-divider-separator\">\n\t\t\t\t\t\t<\/span>\n\t\t<\/div>\n\t\t\t\t\t\t<\/div>\n\t\t\t\t<\/div>\n\t\t\t\t<div class=\"elementor-element elementor-element-2ea37e67 elementor-align-center elementor-widget elementor-widget-button\" data-id=\"2ea37e67\" data-element_type=\"widget\" data-e-type=\"widget\" data-widget_type=\"button.default\">\n\t\t\t\t<div class=\"elementor-widget-container\">\n\t\t\t\t\t\t\t\t\t<div class=\"elementor-button-wrapper\">\n\t\t\t\t\t<a class=\"elementor-button elementor-button-link elementor-size-md\" href=\"https:\/\/citycampus.osu.cz\/sport\/wp-content\/uploads\/2023\/08\/FITKO-provozni-rad.pdf\" target=\"_blank\">\n\t\t\t\t\t\t<span class=\"elementor-button-content-wrapper\">\n\t\t\t\t\t\t<span class=\"elementor-button-icon\">\n\t\t\t\t<i aria-hidden=\"true\" class=\"fas fa-dumbbell\"><\/i>\t\t\t<\/span>\n\t\t\t\t\t\t\t\t\t<span class=\"elementor-button-text\">Provozn\u00ed \u0159\u00e1d: Posilovna <\/span>\n\t\t\t\t\t<\/span>\n\t\t\t\t\t<\/a>\n\t\t\t\t<\/div>\n\t\t\t\t\t\t\t\t<\/div>\n\t\t\t\t<\/div>\n\t\t\t\t<div class=\"elementor-element elementor-element-436d69d5 elementor-widget elementor-widget-spacer\" data-id=\"436d69d5\" data-element_type=\"widget\" data-e-type=\"widget\" data-widget_type=\"spacer.default\">\n\t\t\t\t<div class=\"elementor-widget-container\">\n\t\t\t\t\t\t\t<div class=\"elementor-spacer\">\n\t\t\t<div class=\"elementor-spacer-inner\"><\/div>\n\t\t<\/div>\n\t\t\t\t\t\t<\/div>\n\t\t\t\t<\/div>\n\t\t\t\t\t<\/div>\n\t\t<\/div>\n\t\t\t\t\t<\/div>\n\t\t<\/section>\n\t\t\t\t<\/div>\n\t\t","protected":false},"excerpt":{"rendered":"<p>POSILOVNA REZERVACE Posilovna 15 x 17 m se zrcadlovou st\u011bnou je v\u202fsilov\u00e9 \u010d\u00e1sti vybavena stroji Gr\u00fcnsport, dv\u011bma posilovac\u00edmi klecemi Barbarian Line a v\u0161emi obvykl\u00fdmi typy&hellip;<\/p>\n<p> <a class=\"more-link\" href=\"https:\/\/citycampus.osu.cz\/sport\/sportoviste\/posilovna\/\">\u010ct\u011bte v\u00edce<\/a><\/p>\n","protected":false},"author":4,"featured_media":0,"parent":17706,"menu_order":3,"comment_status":"closed","ping_status":"closed","template":"","meta":{"footnotes":""},"class_list":["post-17928","page","type-page","status-publish"],"_links":{"self":[{"href":"https:\/\/citycampus.osu.cz\/sport\/wp-json\/wp\/v2\/pages\/17928","targetHints":{"allow":["GET"]}}],"collection":[{"href":"https:\/\/citycampus.osu.cz\/sport\/wp-json\/wp\/v2\/pages"}],"about":[{"href":"https:\/\/citycampus.osu.cz\/sport\/wp-json\/wp\/v2\/types\/page"}],"author":[{"embeddable":true,"href":"https:\/\/citycampus.osu.cz\/sport\/wp-json\/wp\/v2\/users\/4"}],"replies":[{"embeddable":true,"href":"https:\/\/citycampus.osu.cz\/sport\/wp-json\/wp\/v2\/comments?post=17928"}],"version-history":[{"count":33,"href":"https:\/\/citycampus.osu.cz\/sport\/wp-json\/wp\/v2\/pages\/17928\/revisions"}],"predecessor-version":[{"id":20145,"href":"https:\/\/citycampus.osu.cz\/sport\/wp-json\/wp\/v2\/pages\/17928\/revisions\/20145"}],"up":[{"embeddable":true,"href":"https:\/\/citycampus.osu.cz\/sport\/wp-json\/wp\/v2\/pages\/17706"}],"wp:attachment":[{"href":"https:\/\/citycampus.osu.cz\/sport\/wp-json\/wp\/v2\/media?parent=17928"}],"curies":[{"name":"wp","href":"https:\/\/api.w.org\/{rel}","templated":true}]}}