{"id":17945,"date":"2023-02-08T09:22:41","date_gmt":"2023-02-08T08:22:41","guid":{"rendered":"https:\/\/projekty.osu.cz\/citycampus\/sport\/?page_id=17945"},"modified":"2023-08-18T17:10:09","modified_gmt":"2023-08-18T15:10:09","slug":"gymnasticky-sal","status":"publish","type":"page","link":"https:\/\/citycampus.osu.cz\/sport\/sportoviste\/gymnasticky-sal\/","title":{"rendered":"Gymnastick\u00fd s\u00e1l"},"content":{"rendered":"\t\t<div data-elementor-type=\"wp-page\" data-elementor-id=\"17945\" class=\"elementor elementor-17945\">\n\t\t\t\t\t\t<section class=\"elementor-section elementor-top-section elementor-element elementor-element-20a85660 elementor-section-stretched content-page elementor-section-full_width elementor-section-height-full elementor-section-items-stretch elementor-section-content-top elementor-section-height-default\" data-id=\"20a85660\" data-element_type=\"section\" data-e-type=\"section\" data-settings=\"{&quot;stretch_section&quot;:&quot;section-stretched&quot;,&quot;background_background&quot;:&quot;classic&quot;,&quot;shape_divider_bottom&quot;:&quot;opacity-tilt&quot;}\">\n\t\t\t\t\t\t\t<div class=\"elementor-background-overlay\"><\/div>\n\t\t\t\t\t\t<div class=\"elementor-shape elementor-shape-bottom\" aria-hidden=\"true\" data-negative=\"false\">\n\t\t\t<svg xmlns=\"http:\/\/www.w3.org\/2000\/svg\" viewBox=\"0 0 2600 131.1\" preserveAspectRatio=\"none\">\n\t<path class=\"elementor-shape-fill\" d=\"M0 0L2600 0 2600 69.1 0 0z\"\/>\n\t<path class=\"elementor-shape-fill\" style=\"opacity:0.5\" d=\"M0 0L2600 0 2600 69.1 0 69.1z\"\/>\n\t<path class=\"elementor-shape-fill\" style=\"opacity:0.25\" d=\"M2600 0L0 0 0 130.1 2600 69.1z\"\/>\n<\/svg>\t\t<\/div>\n\t\t\t\t\t<div class=\"elementor-container elementor-column-gap-no\">\n\t\t\t\t\t<div class=\"elementor-column elementor-col-100 elementor-top-column elementor-element elementor-element-62256b96 elementor-invisible\" data-id=\"62256b96\" data-element_type=\"column\" data-e-type=\"column\" data-settings=\"{&quot;background_background&quot;:&quot;classic&quot;,&quot;animation&quot;:&quot;fadeIn&quot;}\">\n\t\t\t<div class=\"elementor-widget-wrap elementor-element-populated\">\n\t\t\t\t\t<div class=\"elementor-background-overlay\"><\/div>\n\t\t\t\t\t\t<section class=\"elementor-section elementor-inner-section elementor-element elementor-element-2d2cd886 elementor-section-boxed elementor-section-height-default elementor-section-height-default elementor-invisible\" data-id=\"2d2cd886\" data-element_type=\"section\" data-e-type=\"section\" data-settings=\"{&quot;animation&quot;:&quot;fadeInUp&quot;,&quot;animation_delay&quot;:500}\">\n\t\t\t\t\t\t<div class=\"elementor-container elementor-column-gap-default\">\n\t\t\t\t\t<div class=\"elementor-column elementor-col-100 elementor-inner-column elementor-element elementor-element-6b645552\" data-id=\"6b645552\" data-element_type=\"column\" data-e-type=\"column\" data-settings=\"{&quot;background_background&quot;:&quot;classic&quot;}\">\n\t\t\t<div class=\"elementor-widget-wrap elementor-element-populated\">\n\t\t\t\t\t\t<div class=\"elementor-element elementor-element-3878ac32 elementor-invisible elementor-widget elementor-widget-heading\" data-id=\"3878ac32\" data-element_type=\"widget\" data-e-type=\"widget\" data-settings=\"{&quot;_animation&quot;:&quot;fadeInUp&quot;,&quot;_animation_delay&quot;:500}\" data-widget_type=\"heading.default\">\n\t\t\t\t<div class=\"elementor-widget-container\">\n\t\t\t\t\t<h1 class=\"elementor-heading-title elementor-size-xxl\">GYMNASTICK\u00dd S\u00c1L<\/h1>\t\t\t\t<\/div>\n\t\t\t\t<\/div>\n\t\t\t\t<div class=\"elementor-element elementor-element-230f8571 elementor-arrows-position-inside elementor-widget elementor-widget-image-carousel\" data-id=\"230f8571\" data-element_type=\"widget\" data-e-type=\"widget\" data-settings=\"{&quot;slides_to_show&quot;:&quot;3&quot;,&quot;image_spacing_custom&quot;:{&quot;unit&quot;:&quot;px&quot;,&quot;size&quot;:9,&quot;sizes&quot;:[]},&quot;navigation&quot;:&quot;arrows&quot;,&quot;autoplay&quot;:&quot;yes&quot;,&quot;pause_on_hover&quot;:&quot;yes&quot;,&quot;pause_on_interaction&quot;:&quot;yes&quot;,&quot;autoplay_speed&quot;:5000,&quot;infinite&quot;:&quot;yes&quot;,&quot;speed&quot;:500,&quot;image_spacing_custom_tablet&quot;:{&quot;unit&quot;:&quot;px&quot;,&quot;size&quot;:&quot;&quot;,&quot;sizes&quot;:[]},&quot;image_spacing_custom_mobile&quot;:{&quot;unit&quot;:&quot;px&quot;,&quot;size&quot;:&quot;&quot;,&quot;sizes&quot;:[]}}\" data-widget_type=\"image-carousel.default\">\n\t\t\t\t<div class=\"elementor-widget-container\">\n\t\t\t\t\t\t\t<div class=\"elementor-image-carousel-wrapper swiper\" role=\"region\" aria-roledescription=\"carousel\" aria-label=\"Obr\u00e1zkov\u00fd koloto\u010d\" dir=\"ltr\">\n\t\t\t<div class=\"elementor-image-carousel swiper-wrapper swiper-image-stretch\" aria-live=\"off\">\n\t\t\t\t\t\t\t\t<div class=\"swiper-slide\" role=\"group\" aria-roledescription=\"slide\" aria-label=\"1 z 11\"><a data-elementor-open-lightbox=\"yes\" data-elementor-lightbox-slideshow=\"230f8571\" data-elementor-lightbox-title=\"20230804_154709\" data-e-action-hash=\"#elementor-action%3Aaction%3Dlightbox%26settings%3DeyJpZCI6MTk1MzgsInVybCI6Imh0dHBzOlwvXC9jaXR5Y2FtcHVzLm9zdS5jelwvc3BvcnRcL3dwLWNvbnRlbnRcL3VwbG9hZHNcLzIwMjNcLzA4XC8yMDIzMDgwNF8xNTQ3MDktMS1zY2FsZWQuanBnIiwic2xpZGVzaG93IjoiMjMwZjg1NzEifQ%3D%3D\" href=\"https:\/\/citycampus.osu.cz\/sport\/wp-content\/uploads\/2023\/08\/20230804_154709-1-scaled.jpg\"><figure class=\"swiper-slide-inner\"><img decoding=\"async\" class=\"swiper-slide-image\" src=\"https:\/\/citycampus.osu.cz\/sport\/wp-content\/uploads\/2023\/08\/20230804_154709-1-1024x683.jpg\" alt=\"20230804_154709\" \/><\/figure><\/a><\/div><div class=\"swiper-slide\" role=\"group\" aria-roledescription=\"slide\" aria-label=\"2 z 11\"><a data-elementor-open-lightbox=\"yes\" data-elementor-lightbox-slideshow=\"230f8571\" data-elementor-lightbox-title=\"20230804_154732\" data-e-action-hash=\"#elementor-action%3Aaction%3Dlightbox%26settings%3DeyJpZCI6MTk1MzksInVybCI6Imh0dHBzOlwvXC9jaXR5Y2FtcHVzLm9zdS5jelwvc3BvcnRcL3dwLWNvbnRlbnRcL3VwbG9hZHNcLzIwMjNcLzA4XC8yMDIzMDgwNF8xNTQ3MzItMS1zY2FsZWQuanBnIiwic2xpZGVzaG93IjoiMjMwZjg1NzEifQ%3D%3D\" href=\"https:\/\/citycampus.osu.cz\/sport\/wp-content\/uploads\/2023\/08\/20230804_154732-1-scaled.jpg\"><figure class=\"swiper-slide-inner\"><img decoding=\"async\" class=\"swiper-slide-image\" src=\"https:\/\/citycampus.osu.cz\/sport\/wp-content\/uploads\/2023\/08\/20230804_154732-1-1024x683.jpg\" alt=\"20230804_154732\" \/><\/figure><\/a><\/div><div class=\"swiper-slide\" role=\"group\" aria-roledescription=\"slide\" aria-label=\"3 z 11\"><a data-elementor-open-lightbox=\"yes\" data-elementor-lightbox-slideshow=\"230f8571\" data-elementor-lightbox-title=\"20230804_154839-2\" data-e-action-hash=\"#elementor-action%3Aaction%3Dlightbox%26settings%3DeyJpZCI6MTk1NDAsInVybCI6Imh0dHBzOlwvXC9jaXR5Y2FtcHVzLm9zdS5jelwvc3BvcnRcL3dwLWNvbnRlbnRcL3VwbG9hZHNcLzIwMjNcLzA4XC8yMDIzMDgwNF8xNTQ4MzktMi1zY2FsZWQuanBnIiwic2xpZGVzaG93IjoiMjMwZjg1NzEifQ%3D%3D\" href=\"https:\/\/citycampus.osu.cz\/sport\/wp-content\/uploads\/2023\/08\/20230804_154839-2-scaled.jpg\"><figure class=\"swiper-slide-inner\"><img decoding=\"async\" class=\"swiper-slide-image\" src=\"https:\/\/citycampus.osu.cz\/sport\/wp-content\/uploads\/2023\/08\/20230804_154839-2-1024x683.jpg\" alt=\"20230804_154839-2\" \/><\/figure><\/a><\/div><div class=\"swiper-slide\" role=\"group\" aria-roledescription=\"slide\" aria-label=\"4 z 11\"><a data-elementor-open-lightbox=\"yes\" data-elementor-lightbox-slideshow=\"230f8571\" data-elementor-lightbox-title=\"20230804_155120-2\" data-e-action-hash=\"#elementor-action%3Aaction%3Dlightbox%26settings%3DeyJpZCI6MTk1NDUsInVybCI6Imh0dHBzOlwvXC9jaXR5Y2FtcHVzLm9zdS5jelwvc3BvcnRcL3dwLWNvbnRlbnRcL3VwbG9hZHNcLzIwMjNcLzA4XC8yMDIzMDgwNF8xNTUxMjAtMi0xLXNjYWxlZC5qcGciLCJzbGlkZXNob3ciOiIyMzBmODU3MSJ9\" href=\"https:\/\/citycampus.osu.cz\/sport\/wp-content\/uploads\/2023\/08\/20230804_155120-2-1-scaled.jpg\"><figure class=\"swiper-slide-inner\"><img decoding=\"async\" class=\"swiper-slide-image\" src=\"https:\/\/citycampus.osu.cz\/sport\/wp-content\/uploads\/2023\/08\/20230804_155120-2-1-1024x683.jpg\" alt=\"20230804_155120-2\" \/><\/figure><\/a><\/div><div class=\"swiper-slide\" role=\"group\" aria-roledescription=\"slide\" aria-label=\"5 z 11\"><a data-elementor-open-lightbox=\"yes\" data-elementor-lightbox-slideshow=\"230f8571\" data-elementor-lightbox-title=\"20230804_155027-2\" data-e-action-hash=\"#elementor-action%3Aaction%3Dlightbox%26settings%3DeyJpZCI6MTk1NDQsInVybCI6Imh0dHBzOlwvXC9jaXR5Y2FtcHVzLm9zdS5jelwvc3BvcnRcL3dwLWNvbnRlbnRcL3VwbG9hZHNcLzIwMjNcLzA4XC8yMDIzMDgwNF8xNTUwMjctMi0xLXNjYWxlZC5qcGciLCJzbGlkZXNob3ciOiIyMzBmODU3MSJ9\" href=\"https:\/\/citycampus.osu.cz\/sport\/wp-content\/uploads\/2023\/08\/20230804_155027-2-1-scaled.jpg\"><figure class=\"swiper-slide-inner\"><img decoding=\"async\" class=\"swiper-slide-image\" src=\"https:\/\/citycampus.osu.cz\/sport\/wp-content\/uploads\/2023\/08\/20230804_155027-2-1-1024x683.jpg\" alt=\"20230804_155027-2\" \/><\/figure><\/a><\/div><div class=\"swiper-slide\" role=\"group\" aria-roledescription=\"slide\" aria-label=\"6 z 11\"><a data-elementor-open-lightbox=\"yes\" data-elementor-lightbox-slideshow=\"230f8571\" data-elementor-lightbox-title=\"20230804_154615\" data-e-action-hash=\"#elementor-action%3Aaction%3Dlightbox%26settings%3DeyJpZCI6MTk1MzYsInVybCI6Imh0dHBzOlwvXC9jaXR5Y2FtcHVzLm9zdS5jelwvc3BvcnRcL3dwLWNvbnRlbnRcL3VwbG9hZHNcLzIwMjNcLzA4XC8yMDIzMDgwNF8xNTQ2MTUtMS1zY2FsZWQuanBnIiwic2xpZGVzaG93IjoiMjMwZjg1NzEifQ%3D%3D\" href=\"https:\/\/citycampus.osu.cz\/sport\/wp-content\/uploads\/2023\/08\/20230804_154615-1-scaled.jpg\"><figure class=\"swiper-slide-inner\"><img decoding=\"async\" class=\"swiper-slide-image\" src=\"https:\/\/citycampus.osu.cz\/sport\/wp-content\/uploads\/2023\/08\/20230804_154615-1-1024x683.jpg\" alt=\"20230804_154615\" \/><\/figure><\/a><\/div><div class=\"swiper-slide\" role=\"group\" aria-roledescription=\"slide\" aria-label=\"7 z 11\"><a data-elementor-open-lightbox=\"yes\" data-elementor-lightbox-slideshow=\"230f8571\" data-elementor-lightbox-title=\"20230804_154905\" data-e-action-hash=\"#elementor-action%3Aaction%3Dlightbox%26settings%3DeyJpZCI6MTk1NDIsInVybCI6Imh0dHBzOlwvXC9jaXR5Y2FtcHVzLm9zdS5jelwvc3BvcnRcL3dwLWNvbnRlbnRcL3VwbG9hZHNcLzIwMjNcLzA4XC8yMDIzMDgwNF8xNTQ5MDUtc2NhbGVkLmpwZyIsInNsaWRlc2hvdyI6IjIzMGY4NTcxIn0%3D\" href=\"https:\/\/citycampus.osu.cz\/sport\/wp-content\/uploads\/2023\/08\/20230804_154905-scaled.jpg\"><figure class=\"swiper-slide-inner\"><img decoding=\"async\" class=\"swiper-slide-image\" src=\"https:\/\/citycampus.osu.cz\/sport\/wp-content\/uploads\/2023\/08\/20230804_154905-1024x683.jpg\" alt=\"20230804_154905\" \/><\/figure><\/a><\/div><div class=\"swiper-slide\" role=\"group\" aria-roledescription=\"slide\" aria-label=\"8 z 11\"><a data-elementor-open-lightbox=\"yes\" data-elementor-lightbox-slideshow=\"230f8571\" data-elementor-lightbox-title=\"20230804_154858-2\" data-e-action-hash=\"#elementor-action%3Aaction%3Dlightbox%26settings%3DeyJpZCI6MTk1NDEsInVybCI6Imh0dHBzOlwvXC9jaXR5Y2FtcHVzLm9zdS5jelwvc3BvcnRcL3dwLWNvbnRlbnRcL3VwbG9hZHNcLzIwMjNcLzA4XC8yMDIzMDgwNF8xNTQ4NTgtMi0xLXNjYWxlZC5qcGciLCJzbGlkZXNob3ciOiIyMzBmODU3MSJ9\" href=\"https:\/\/citycampus.osu.cz\/sport\/wp-content\/uploads\/2023\/08\/20230804_154858-2-1-scaled.jpg\"><figure class=\"swiper-slide-inner\"><img decoding=\"async\" class=\"swiper-slide-image\" src=\"https:\/\/citycampus.osu.cz\/sport\/wp-content\/uploads\/2023\/08\/20230804_154858-2-1-1024x683.jpg\" alt=\"20230804_154858-2\" \/><\/figure><\/a><\/div><div class=\"swiper-slide\" role=\"group\" aria-roledescription=\"slide\" aria-label=\"9 z 11\"><a data-elementor-open-lightbox=\"yes\" data-elementor-lightbox-slideshow=\"230f8571\" data-elementor-lightbox-title=\"20230804_154603\" data-e-action-hash=\"#elementor-action%3Aaction%3Dlightbox%26settings%3DeyJpZCI6MTk1MzUsInVybCI6Imh0dHBzOlwvXC9jaXR5Y2FtcHVzLm9zdS5jelwvc3BvcnRcL3dwLWNvbnRlbnRcL3VwbG9hZHNcLzIwMjNcLzA4XC8yMDIzMDgwNF8xNTQ2MDMtc2NhbGVkLmpwZyIsInNsaWRlc2hvdyI6IjIzMGY4NTcxIn0%3D\" href=\"https:\/\/citycampus.osu.cz\/sport\/wp-content\/uploads\/2023\/08\/20230804_154603-scaled.jpg\"><figure class=\"swiper-slide-inner\"><img decoding=\"async\" class=\"swiper-slide-image\" src=\"https:\/\/citycampus.osu.cz\/sport\/wp-content\/uploads\/2023\/08\/20230804_154603-1024x683.jpg\" alt=\"20230804_154603\" \/><\/figure><\/a><\/div><div class=\"swiper-slide\" role=\"group\" aria-roledescription=\"slide\" aria-label=\"10 z 11\"><a data-elementor-open-lightbox=\"yes\" data-elementor-lightbox-slideshow=\"230f8571\" data-elementor-lightbox-title=\"20230804_155025\" data-e-action-hash=\"#elementor-action%3Aaction%3Dlightbox%26settings%3DeyJpZCI6MTk1NDMsInVybCI6Imh0dHBzOlwvXC9jaXR5Y2FtcHVzLm9zdS5jelwvc3BvcnRcL3dwLWNvbnRlbnRcL3VwbG9hZHNcLzIwMjNcLzA4XC8yMDIzMDgwNF8xNTUwMjUtc2NhbGVkLmpwZyIsInNsaWRlc2hvdyI6IjIzMGY4NTcxIn0%3D\" href=\"https:\/\/citycampus.osu.cz\/sport\/wp-content\/uploads\/2023\/08\/20230804_155025-scaled.jpg\"><figure class=\"swiper-slide-inner\"><img decoding=\"async\" class=\"swiper-slide-image\" src=\"https:\/\/citycampus.osu.cz\/sport\/wp-content\/uploads\/2023\/08\/20230804_155025-1024x683.jpg\" alt=\"20230804_155025\" \/><\/figure><\/a><\/div><div class=\"swiper-slide\" role=\"group\" aria-roledescription=\"slide\" aria-label=\"11 z 11\"><a data-elementor-open-lightbox=\"yes\" data-elementor-lightbox-slideshow=\"230f8571\" data-elementor-lightbox-title=\"20230804_154627-2\" data-e-action-hash=\"#elementor-action%3Aaction%3Dlightbox%26settings%3DeyJpZCI6MTk1MzcsInVybCI6Imh0dHBzOlwvXC9jaXR5Y2FtcHVzLm9zdS5jelwvc3BvcnRcL3dwLWNvbnRlbnRcL3VwbG9hZHNcLzIwMjNcLzA4XC8yMDIzMDgwNF8xNTQ2MjctMi0xLXNjYWxlZC5qcGciLCJzbGlkZXNob3ciOiIyMzBmODU3MSJ9\" href=\"https:\/\/citycampus.osu.cz\/sport\/wp-content\/uploads\/2023\/08\/20230804_154627-2-1-scaled.jpg\"><figure class=\"swiper-slide-inner\"><img decoding=\"async\" class=\"swiper-slide-image\" src=\"https:\/\/citycampus.osu.cz\/sport\/wp-content\/uploads\/2023\/08\/20230804_154627-2-1-1024x683.jpg\" alt=\"20230804_154627-2\" \/><\/figure><\/a><\/div>\t\t\t<\/div>\n\t\t\t\t\t\t\t\t\t\t\t\t<div class=\"elementor-swiper-button elementor-swiper-button-prev\" role=\"button\" tabindex=\"0\">\n\t\t\t\t\t\t<i aria-hidden=\"true\" class=\"eicon-chevron-left\"><\/i>\t\t\t\t\t<\/div>\n\t\t\t\t\t<div class=\"elementor-swiper-button elementor-swiper-button-next\" role=\"button\" tabindex=\"0\">\n\t\t\t\t\t\t<i aria-hidden=\"true\" class=\"eicon-chevron-right\"><\/i>\t\t\t\t\t<\/div>\n\t\t\t\t\n\t\t\t\t\t\t\t\t\t<\/div>\n\t\t\t\t\t\t<\/div>\n\t\t\t\t<\/div>\n\t\t\t\t<div class=\"elementor-element elementor-element-d9537ee elementor-align-center elementor-widget elementor-widget-button\" data-id=\"d9537ee\" data-element_type=\"widget\" data-e-type=\"widget\" data-widget_type=\"button.default\">\n\t\t\t\t<div class=\"elementor-widget-container\">\n\t\t\t\t\t\t\t\t\t<div class=\"elementor-button-wrapper\">\n\t\t\t\t\t<a class=\"elementor-button elementor-button-link elementor-size-sm\" href=\"https:\/\/osu.isportsystem.cz\">\n\t\t\t\t\t\t<span class=\"elementor-button-content-wrapper\">\n\t\t\t\t\t\t<span class=\"elementor-button-icon\">\n\t\t\t\t<i aria-hidden=\"true\" class=\"far fa-calendar-alt\"><\/i>\t\t\t<\/span>\n\t\t\t\t\t\t\t\t\t<span class=\"elementor-button-text\">REZERVACE<\/span>\n\t\t\t\t\t<\/span>\n\t\t\t\t\t<\/a>\n\t\t\t\t<\/div>\n\t\t\t\t\t\t\t\t<\/div>\n\t\t\t\t<\/div>\n\t\t\t\t<div class=\"elementor-element elementor-element-7fb29f2c elementor-widget elementor-widget-text-editor\" data-id=\"7fb29f2c\" data-element_type=\"widget\" data-e-type=\"widget\" data-widget_type=\"text-editor.default\">\n\t\t\t\t<div class=\"elementor-widget-container\">\n\t\t\t\t\t\t\t\t\t<p><span class=\"TextRun SCXW44733661 BCX9\" lang=\"CS-CZ\" xml:lang=\"CS-CZ\" data-contrast=\"auto\"><span class=\"NormalTextRun SCXW44733661 BCX9\">Na prostoru 28 x 17 m jsou FIG prostn\u00e1 s\u202fpru\u017einami o rozm\u011brech 14 x 14 m,<\/span><span class=\"NormalTextRun SCXW44733661 BCX9\"> Air Track 20 x 2 x 0,2 m, <\/span><span class=\"NormalTextRun SCXW44733661 BCX9\">trampol\u00edna Grand Master FIG<\/span><span class=\"NormalTextRun SCXW44733661 BCX9\">, hrazda s\u202fdoskokem do molitanov\u00e9 j\u00e1my<\/span><span class=\"NormalTextRun SCXW44733661 BCX9\">, kladina <\/span><span class=\"SpellingError SCXW44733661 BCX9\">Exclusive<\/span><span class=\"NormalTextRun SCXW44733661 BCX9\"> FIG<\/span><span class=\"NormalTextRun SCXW44733661 BCX9\"> a dal\u0161\u00ed obvykl\u00e1 n\u00e1\u0159ad\u00ed<\/span><span class=\"NormalTextRun SCXW44733661 BCX9\">.<\/span><\/span><span class=\"EOP SCXW44733661 BCX9\" data-ccp-props=\"{&quot;201341983&quot;:0,&quot;335551550&quot;:6,&quot;335551620&quot;:6,&quot;335559739&quot;:160,&quot;335559740&quot;:259}\">&nbsp;<\/span><\/p>\t\t\t\t\t\t\t\t<\/div>\n\t\t\t\t<\/div>\n\t\t\t\t\t<\/div>\n\t\t<\/div>\n\t\t\t\t\t<\/div>\n\t\t<\/section>\n\t\t\t\t\t<\/div>\n\t\t<\/div>\n\t\t\t\t\t<\/div>\n\t\t<\/section>\n\t\t\t\t<section class=\"elementor-section elementor-top-section elementor-element elementor-element-32109ecf elementor-section-stretched elementor-section-boxed elementor-section-height-default elementor-section-height-default\" data-id=\"32109ecf\" data-element_type=\"section\" data-e-type=\"section\" data-settings=\"{&quot;stretch_section&quot;:&quot;section-stretched&quot;}\">\n\t\t\t\t\t\t<div class=\"elementor-container elementor-column-gap-default\">\n\t\t\t\t\t<div class=\"elementor-column elementor-col-100 elementor-top-column elementor-element elementor-element-60699017\" data-id=\"60699017\" data-element_type=\"column\" data-e-type=\"column\">\n\t\t\t<div class=\"elementor-widget-wrap elementor-element-populated\">\n\t\t\t\t\t\t<div class=\"elementor-element elementor-element-4c768f20 elementor-widget-divider--view-line elementor-widget elementor-widget-divider\" data-id=\"4c768f20\" data-element_type=\"widget\" data-e-type=\"widget\" data-widget_type=\"divider.default\">\n\t\t\t\t<div class=\"elementor-widget-container\">\n\t\t\t\t\t\t\t<div class=\"elementor-divider\">\n\t\t\t<span class=\"elementor-divider-separator\">\n\t\t\t\t\t\t<\/span>\n\t\t<\/div>\n\t\t\t\t\t\t<\/div>\n\t\t\t\t<\/div>\n\t\t\t\t<div class=\"elementor-element elementor-element-167ace83 elementor-align-center elementor-widget elementor-widget-button\" data-id=\"167ace83\" data-element_type=\"widget\" data-e-type=\"widget\" data-widget_type=\"button.default\">\n\t\t\t\t<div class=\"elementor-widget-container\">\n\t\t\t\t\t\t\t\t\t<div class=\"elementor-button-wrapper\">\n\t\t\t\t\t<a class=\"elementor-button elementor-button-link elementor-size-md\" href=\"https:\/\/citycampus.osu.cz\/sport\/wp-content\/uploads\/2023\/08\/GYMNASTICKY-SAL-provozni-rad-1.pdf\" target=\"_blank\">\n\t\t\t\t\t\t<span class=\"elementor-button-content-wrapper\">\n\t\t\t\t\t\t<span class=\"elementor-button-icon\">\n\t\t\t\t<i aria-hidden=\"true\" class=\"fas fa-child\"><\/i>\t\t\t<\/span>\n\t\t\t\t\t\t\t\t\t<span class=\"elementor-button-text\">Provozn\u00ed \u0159\u00e1d: Gymnastick\u00fd s\u00e1l<\/span>\n\t\t\t\t\t<\/span>\n\t\t\t\t\t<\/a>\n\t\t\t\t<\/div>\n\t\t\t\t\t\t\t\t<\/div>\n\t\t\t\t<\/div>\n\t\t\t\t<div class=\"elementor-element elementor-element-79c991df elementor-widget elementor-widget-spacer\" data-id=\"79c991df\" data-element_type=\"widget\" data-e-type=\"widget\" data-widget_type=\"spacer.default\">\n\t\t\t\t<div class=\"elementor-widget-container\">\n\t\t\t\t\t\t\t<div class=\"elementor-spacer\">\n\t\t\t<div class=\"elementor-spacer-inner\"><\/div>\n\t\t<\/div>\n\t\t\t\t\t\t<\/div>\n\t\t\t\t<\/div>\n\t\t\t\t\t<\/div>\n\t\t<\/div>\n\t\t\t\t\t<\/div>\n\t\t<\/section>\n\t\t\t\t<\/div>\n\t\t","protected":false},"excerpt":{"rendered":"<p>GYMNASTICK\u00dd S\u00c1L REZERVACE Na prostoru 28 x 17 m jsou FIG prostn\u00e1 s\u202fpru\u017einami o rozm\u011brech 14 x 14 m, Air Track 20 x 2 x&hellip;<\/p>\n<p> <a class=\"more-link\" href=\"https:\/\/citycampus.osu.cz\/sport\/sportoviste\/gymnasticky-sal\/\">\u010ct\u011bte v\u00edce<\/a><\/p>\n","protected":false},"author":4,"featured_media":0,"parent":17706,"menu_order":3,"comment_status":"closed","ping_status":"closed","template":"","meta":{"footnotes":""},"class_list":["post-17945","page","type-page","status-publish"],"_links":{"self":[{"href":"https:\/\/citycampus.osu.cz\/sport\/wp-json\/wp\/v2\/pages\/17945","targetHints":{"allow":["GET"]}}],"collection":[{"href":"https:\/\/citycampus.osu.cz\/sport\/wp-json\/wp\/v2\/pages"}],"about":[{"href":"https:\/\/citycampus.osu.cz\/sport\/wp-json\/wp\/v2\/types\/page"}],"author":[{"embeddable":true,"href":"https:\/\/citycampus.osu.cz\/sport\/wp-json\/wp\/v2\/users\/4"}],"replies":[{"embeddable":true,"href":"https:\/\/citycampus.osu.cz\/sport\/wp-json\/wp\/v2\/comments?post=17945"}],"version-history":[{"count":51,"href":"https:\/\/citycampus.osu.cz\/sport\/wp-json\/wp\/v2\/pages\/17945\/revisions"}],"predecessor-version":[{"id":20117,"href":"https:\/\/citycampus.osu.cz\/sport\/wp-json\/wp\/v2\/pages\/17945\/revisions\/20117"}],"up":[{"embeddable":true,"href":"https:\/\/citycampus.osu.cz\/sport\/wp-json\/wp\/v2\/pages\/17706"}],"wp:attachment":[{"href":"https:\/\/citycampus.osu.cz\/sport\/wp-json\/wp\/v2\/media?parent=17945"}],"curies":[{"name":"wp","href":"https:\/\/api.w.org\/{rel}","templated":true}]}}