{"id":17967,"date":"2023-02-08T09:33:56","date_gmt":"2023-02-08T08:33:56","guid":{"rendered":"https:\/\/projekty.osu.cz\/citycampus\/sport\/?page_id=17967"},"modified":"2023-08-18T17:19:09","modified_gmt":"2023-08-18T15:19:09","slug":"sprinterska-rovinka","status":"publish","type":"page","link":"https:\/\/citycampus.osu.cz\/sport\/sportoviste\/sprinterska-rovinka\/","title":{"rendered":"Sprintersk\u00e1 rovinka"},"content":{"rendered":"\t\t<div data-elementor-type=\"wp-page\" data-elementor-id=\"17967\" class=\"elementor elementor-17967\">\n\t\t\t\t\t\t<section class=\"elementor-section elementor-top-section elementor-element elementor-element-4fa3b5ea elementor-section-stretched content-page elementor-section-full_width elementor-section-height-full elementor-section-items-stretch elementor-section-content-top elementor-section-height-default\" data-id=\"4fa3b5ea\" data-element_type=\"section\" data-e-type=\"section\" data-settings=\"{&quot;stretch_section&quot;:&quot;section-stretched&quot;,&quot;background_background&quot;:&quot;classic&quot;,&quot;shape_divider_bottom&quot;:&quot;opacity-tilt&quot;}\">\n\t\t\t\t\t\t\t<div class=\"elementor-background-overlay\"><\/div>\n\t\t\t\t\t\t<div class=\"elementor-shape elementor-shape-bottom\" aria-hidden=\"true\" data-negative=\"false\">\n\t\t\t<svg xmlns=\"http:\/\/www.w3.org\/2000\/svg\" viewBox=\"0 0 2600 131.1\" preserveAspectRatio=\"none\">\n\t<path class=\"elementor-shape-fill\" d=\"M0 0L2600 0 2600 69.1 0 0z\"\/>\n\t<path class=\"elementor-shape-fill\" style=\"opacity:0.5\" d=\"M0 0L2600 0 2600 69.1 0 69.1z\"\/>\n\t<path class=\"elementor-shape-fill\" style=\"opacity:0.25\" d=\"M2600 0L0 0 0 130.1 2600 69.1z\"\/>\n<\/svg>\t\t<\/div>\n\t\t\t\t\t<div class=\"elementor-container elementor-column-gap-no\">\n\t\t\t\t\t<div class=\"elementor-column elementor-col-100 elementor-top-column elementor-element elementor-element-39bb5827 elementor-invisible\" data-id=\"39bb5827\" data-element_type=\"column\" data-e-type=\"column\" data-settings=\"{&quot;background_background&quot;:&quot;classic&quot;,&quot;animation&quot;:&quot;fadeIn&quot;}\">\n\t\t\t<div class=\"elementor-widget-wrap elementor-element-populated\">\n\t\t\t\t\t<div class=\"elementor-background-overlay\"><\/div>\n\t\t\t\t\t\t<section class=\"elementor-section elementor-inner-section elementor-element elementor-element-27e5858c elementor-section-boxed elementor-section-height-default elementor-section-height-default elementor-invisible\" data-id=\"27e5858c\" data-element_type=\"section\" data-e-type=\"section\" data-settings=\"{&quot;animation&quot;:&quot;fadeInUp&quot;,&quot;animation_delay&quot;:500}\">\n\t\t\t\t\t\t<div class=\"elementor-container elementor-column-gap-default\">\n\t\t\t\t\t<div class=\"elementor-column elementor-col-100 elementor-inner-column elementor-element elementor-element-40902cb6\" data-id=\"40902cb6\" data-element_type=\"column\" data-e-type=\"column\" data-settings=\"{&quot;background_background&quot;:&quot;classic&quot;}\">\n\t\t\t<div class=\"elementor-widget-wrap elementor-element-populated\">\n\t\t\t\t\t\t<div class=\"elementor-element elementor-element-6d465253 elementor-invisible elementor-widget elementor-widget-heading\" data-id=\"6d465253\" data-element_type=\"widget\" data-e-type=\"widget\" data-settings=\"{&quot;_animation&quot;:&quot;fadeInUp&quot;,&quot;_animation_delay&quot;:500}\" data-widget_type=\"heading.default\">\n\t\t\t\t<div class=\"elementor-widget-container\">\n\t\t\t\t\t<h1 class=\"elementor-heading-title elementor-size-xxl\">SPRINTERSK\u00c1 ROVINKA<\/h1>\t\t\t\t<\/div>\n\t\t\t\t<\/div>\n\t\t\t\t<div class=\"elementor-element elementor-element-3854c27c elementor-arrows-position-inside elementor-widget elementor-widget-image-carousel\" data-id=\"3854c27c\" data-element_type=\"widget\" data-e-type=\"widget\" data-settings=\"{&quot;slides_to_show&quot;:&quot;3&quot;,&quot;image_spacing_custom&quot;:{&quot;unit&quot;:&quot;px&quot;,&quot;size&quot;:9,&quot;sizes&quot;:[]},&quot;navigation&quot;:&quot;arrows&quot;,&quot;autoplay&quot;:&quot;yes&quot;,&quot;pause_on_hover&quot;:&quot;yes&quot;,&quot;pause_on_interaction&quot;:&quot;yes&quot;,&quot;autoplay_speed&quot;:5000,&quot;infinite&quot;:&quot;yes&quot;,&quot;speed&quot;:500,&quot;image_spacing_custom_tablet&quot;:{&quot;unit&quot;:&quot;px&quot;,&quot;size&quot;:&quot;&quot;,&quot;sizes&quot;:[]},&quot;image_spacing_custom_mobile&quot;:{&quot;unit&quot;:&quot;px&quot;,&quot;size&quot;:&quot;&quot;,&quot;sizes&quot;:[]}}\" data-widget_type=\"image-carousel.default\">\n\t\t\t\t<div class=\"elementor-widget-container\">\n\t\t\t\t\t\t\t<div class=\"elementor-image-carousel-wrapper swiper\" role=\"region\" aria-roledescription=\"carousel\" aria-label=\"Obr\u00e1zkov\u00fd koloto\u010d\" dir=\"ltr\">\n\t\t\t<div class=\"elementor-image-carousel swiper-wrapper swiper-image-stretch\" aria-live=\"off\">\n\t\t\t\t\t\t\t\t<div class=\"swiper-slide\" role=\"group\" aria-roledescription=\"slide\" aria-label=\"1 z 5\"><a data-elementor-open-lightbox=\"yes\" data-elementor-lightbox-slideshow=\"3854c27c\" data-elementor-lightbox-title=\"20230209_103930\" data-e-action-hash=\"#elementor-action%3Aaction%3Dlightbox%26settings%3DeyJpZCI6MTg3NzEsInVybCI6Imh0dHBzOlwvXC9jaXR5Y2FtcHVzLm9zdS5jelwvc3BvcnRcL3dwLWNvbnRlbnRcL3VwbG9hZHNcLzIwMjNcLzAzXC8yMDIzMDIwOV8xMDM5MzAtc2NhbGVkLWUxNjc4MjI2OTg1ODg1LmpwZyIsInNsaWRlc2hvdyI6IjM4NTRjMjdjIn0%3D\" href=\"https:\/\/citycampus.osu.cz\/sport\/wp-content\/uploads\/2023\/03\/20230209_103930-scaled-e1678226985885.jpg\"><figure class=\"swiper-slide-inner\"><img decoding=\"async\" class=\"swiper-slide-image\" src=\"https:\/\/citycampus.osu.cz\/sport\/wp-content\/uploads\/2023\/03\/20230209_103930-scaled-e1678226985885-1024x683.jpg\" alt=\"20230209_103930\" \/><\/figure><\/a><\/div><div class=\"swiper-slide\" role=\"group\" aria-roledescription=\"slide\" aria-label=\"2 z 5\"><a data-elementor-open-lightbox=\"yes\" data-elementor-lightbox-slideshow=\"3854c27c\" data-elementor-lightbox-title=\"P1217043\" data-e-action-hash=\"#elementor-action%3Aaction%3Dlightbox%26settings%3DeyJpZCI6MTk3MDYsInVybCI6Imh0dHBzOlwvXC9jaXR5Y2FtcHVzLm9zdS5jelwvc3BvcnRcL3dwLWNvbnRlbnRcL3VwbG9hZHNcLzIwMjNcLzA4XC9QMTIxNzA0My1zY2FsZWQtZTE2OTE1ODE5ODA2MTYuanBnIiwic2xpZGVzaG93IjoiMzg1NGMyN2MifQ%3D%3D\" href=\"https:\/\/citycampus.osu.cz\/sport\/wp-content\/uploads\/2023\/08\/P1217043-scaled-e1691581980616.jpg\"><figure class=\"swiper-slide-inner\"><img decoding=\"async\" class=\"swiper-slide-image\" src=\"https:\/\/citycampus.osu.cz\/sport\/wp-content\/uploads\/2023\/08\/P1217043-scaled-e1691581980616-1024x682.jpg\" alt=\"P1217043\" \/><\/figure><\/a><\/div><div class=\"swiper-slide\" role=\"group\" aria-roledescription=\"slide\" aria-label=\"3 z 5\"><a data-elementor-open-lightbox=\"yes\" data-elementor-lightbox-slideshow=\"3854c27c\" data-elementor-lightbox-title=\"20230228_130946\" data-e-action-hash=\"#elementor-action%3Aaction%3Dlightbox%26settings%3DeyJpZCI6MTg3NDUsInVybCI6Imh0dHBzOlwvXC9jaXR5Y2FtcHVzLm9zdS5jelwvc3BvcnRcL3dwLWNvbnRlbnRcL3VwbG9hZHNcLzIwMjNcLzAzXC8yMDIzMDIyOF8xMzA5NDYtc2NhbGVkLWUxNjc4MjI3MDEzMzU3LmpwZyIsInNsaWRlc2hvdyI6IjM4NTRjMjdjIn0%3D\" href=\"https:\/\/citycampus.osu.cz\/sport\/wp-content\/uploads\/2023\/03\/20230228_130946-scaled-e1678227013357.jpg\"><figure class=\"swiper-slide-inner\"><img decoding=\"async\" class=\"swiper-slide-image\" src=\"https:\/\/citycampus.osu.cz\/sport\/wp-content\/uploads\/2023\/03\/20230228_130946-scaled-e1678227013357-1024x683.jpg\" alt=\"20230228_130946\" \/><\/figure><\/a><\/div><div class=\"swiper-slide\" role=\"group\" aria-roledescription=\"slide\" aria-label=\"4 z 5\"><a data-elementor-open-lightbox=\"yes\" data-elementor-lightbox-slideshow=\"3854c27c\" data-elementor-lightbox-title=\"20230221_121248\" data-e-action-hash=\"#elementor-action%3Aaction%3Dlightbox%26settings%3DeyJpZCI6MTg3NzAsInVybCI6Imh0dHBzOlwvXC9jaXR5Y2FtcHVzLm9zdS5jelwvc3BvcnRcL3dwLWNvbnRlbnRcL3VwbG9hZHNcLzIwMjNcLzAzXC8yMDIzMDIyMV8xMjEyNDgtMS1zY2FsZWQtZTE2NzgyMjY5NTIxODIuanBnIiwic2xpZGVzaG93IjoiMzg1NGMyN2MifQ%3D%3D\" href=\"https:\/\/citycampus.osu.cz\/sport\/wp-content\/uploads\/2023\/03\/20230221_121248-1-scaled-e1678226952182.jpg\"><figure class=\"swiper-slide-inner\"><img decoding=\"async\" class=\"swiper-slide-image\" src=\"https:\/\/citycampus.osu.cz\/sport\/wp-content\/uploads\/2023\/03\/20230221_121248-1-scaled-e1678226952182-1024x683.jpg\" alt=\"20230221_121248\" \/><\/figure><\/a><\/div><div class=\"swiper-slide\" role=\"group\" aria-roledescription=\"slide\" aria-label=\"5 z 5\"><a data-elementor-open-lightbox=\"yes\" data-elementor-lightbox-slideshow=\"3854c27c\" data-elementor-lightbox-title=\"P1217039\" data-e-action-hash=\"#elementor-action%3Aaction%3Dlightbox%26settings%3DeyJpZCI6MTk3MDUsInVybCI6Imh0dHBzOlwvXC9jaXR5Y2FtcHVzLm9zdS5jelwvc3BvcnRcL3dwLWNvbnRlbnRcL3VwbG9hZHNcLzIwMjNcLzA4XC9QMTIxNzAzOS1zY2FsZWQtZTE2OTE1ODE5NTM3NDkuanBnIiwic2xpZGVzaG93IjoiMzg1NGMyN2MifQ%3D%3D\" href=\"https:\/\/citycampus.osu.cz\/sport\/wp-content\/uploads\/2023\/08\/P1217039-scaled-e1691581953749.jpg\"><figure class=\"swiper-slide-inner\"><img decoding=\"async\" class=\"swiper-slide-image\" src=\"https:\/\/citycampus.osu.cz\/sport\/wp-content\/uploads\/2023\/08\/P1217039-scaled-e1691581953749-1024x682.jpg\" alt=\"P1217039\" \/><\/figure><\/a><\/div>\t\t\t<\/div>\n\t\t\t\t\t\t\t\t\t\t\t\t<div class=\"elementor-swiper-button elementor-swiper-button-prev\" role=\"button\" tabindex=\"0\">\n\t\t\t\t\t\t<i aria-hidden=\"true\" class=\"eicon-chevron-left\"><\/i>\t\t\t\t\t<\/div>\n\t\t\t\t\t<div class=\"elementor-swiper-button elementor-swiper-button-next\" role=\"button\" tabindex=\"0\">\n\t\t\t\t\t\t<i aria-hidden=\"true\" class=\"eicon-chevron-right\"><\/i>\t\t\t\t\t<\/div>\n\t\t\t\t\n\t\t\t\t\t\t\t\t\t<\/div>\n\t\t\t\t\t\t<\/div>\n\t\t\t\t<\/div>\n\t\t\t\t<div class=\"elementor-element elementor-element-2df4893e elementor-widget elementor-widget-text-editor\" data-id=\"2df4893e\" data-element_type=\"widget\" data-e-type=\"widget\" data-widget_type=\"text-editor.default\">\n\t\t\t\t<div class=\"elementor-widget-container\">\n\t\t\t\t\t\t\t\t\t<p><span class=\"TextRun SCXW47148143 BCX9\" lang=\"CS-CZ\" xml:lang=\"CS-CZ\" data-contrast=\"auto\"><span class=\"NormalTextRun SCXW47148143 BCX9\">Sprintersk\u00e1 rovinka <\/span><span class=\"NormalTextRun SCXW47148143 BCX9\">s\u202fvyzna\u010denou stometrovou trat\u00ed <\/span><span class=\"NormalTextRun SCXW47148143 BCX9\">je <\/span><span class=\"NormalTextRun SCXW47148143 BCX9\">celkem <\/span><span class=\"NormalTextRun SCXW47148143 BCX9\">130 m dlouh\u00e1<\/span><span class=\"NormalTextRun SCXW47148143 BCX9\">, <\/span><span class=\"NormalTextRun SCXW47148143 BCX9\">m\u00e1 p\u011bt<\/span><span class=\"NormalTextRun SCXW47148143 BCX9\">\u00a0drah<\/span><span class=\"NormalTextRun SCXW47148143 BCX9\"> a je zakon\u010den\u00e1<\/span><span class=\"NormalTextRun SCXW47148143 BCX9\"> dosko\u010di\u0161t\u011b<\/span><span class=\"NormalTextRun SCXW47148143 BCX9\">m<\/span><span class=\"NormalTextRun SCXW47148143 BCX9\"> na skok dalek\u00fd<\/span><span class=\"NormalTextRun SCXW47148143 BCX9\">. Povrch tvo\u0159\u00ed t<\/span><span class=\"NormalTextRun SCXW47148143 BCX9\">artan,<\/span><span class=\"NormalTextRun SCXW47148143 BCX9\">\u00a0je zde tedy mo\u017en\u00e9 pou\u017e\u00edvat tretry.<\/span><\/span><span class=\"EOP SCXW47148143 BCX9\" data-ccp-props=\"{&quot;201341983&quot;:0,&quot;335551550&quot;:6,&quot;335551620&quot;:6,&quot;335559739&quot;:160,&quot;335559740&quot;:259}\">\u00a0<\/span><\/p>\t\t\t\t\t\t\t\t<\/div>\n\t\t\t\t<\/div>\n\t\t\t\t\t<\/div>\n\t\t<\/div>\n\t\t\t\t\t<\/div>\n\t\t<\/section>\n\t\t\t\t\t<\/div>\n\t\t<\/div>\n\t\t\t\t\t<\/div>\n\t\t<\/section>\n\t\t\t\t<section class=\"elementor-section elementor-top-section elementor-element elementor-element-4131efe8 elementor-section-stretched elementor-section-boxed elementor-section-height-default elementor-section-height-default\" data-id=\"4131efe8\" data-element_type=\"section\" data-e-type=\"section\" data-settings=\"{&quot;stretch_section&quot;:&quot;section-stretched&quot;}\">\n\t\t\t\t\t\t<div class=\"elementor-container elementor-column-gap-default\">\n\t\t\t\t\t<div class=\"elementor-column elementor-col-100 elementor-top-column elementor-element elementor-element-24fe6436\" data-id=\"24fe6436\" data-element_type=\"column\" data-e-type=\"column\">\n\t\t\t<div class=\"elementor-widget-wrap elementor-element-populated\">\n\t\t\t\t\t\t<div class=\"elementor-element elementor-element-105c893 elementor-widget-divider--view-line elementor-widget elementor-widget-divider\" data-id=\"105c893\" data-element_type=\"widget\" data-e-type=\"widget\" data-widget_type=\"divider.default\">\n\t\t\t\t<div class=\"elementor-widget-container\">\n\t\t\t\t\t\t\t<div class=\"elementor-divider\">\n\t\t\t<span class=\"elementor-divider-separator\">\n\t\t\t\t\t\t<\/span>\n\t\t<\/div>\n\t\t\t\t\t\t<\/div>\n\t\t\t\t<\/div>\n\t\t\t\t<div class=\"elementor-element elementor-element-69d3373b elementor-align-center elementor-widget elementor-widget-button\" data-id=\"69d3373b\" data-element_type=\"widget\" data-e-type=\"widget\" data-widget_type=\"button.default\">\n\t\t\t\t<div class=\"elementor-widget-container\">\n\t\t\t\t\t\t\t\t\t<div class=\"elementor-button-wrapper\">\n\t\t\t\t\t<a class=\"elementor-button elementor-button-link elementor-size-md\" href=\"https:\/\/citycampus.osu.cz\/sport\/wp-content\/uploads\/2023\/08\/SPORTOVNI-AREAL-provozni-rad.pdf\" target=\"_blank\">\n\t\t\t\t\t\t<span class=\"elementor-button-content-wrapper\">\n\t\t\t\t\t\t<span class=\"elementor-button-icon\">\n\t\t\t\t<i aria-hidden=\"true\" class=\"fas fa-long-arrow-alt-up\"><\/i>\t\t\t<\/span>\n\t\t\t\t\t\t\t\t\t<span class=\"elementor-button-text\">Provozn\u00ed \u0159\u00e1d: Sprintersk\u00e1 rovinka<\/span>\n\t\t\t\t\t<\/span>\n\t\t\t\t\t<\/a>\n\t\t\t\t<\/div>\n\t\t\t\t\t\t\t\t<\/div>\n\t\t\t\t<\/div>\n\t\t\t\t<div class=\"elementor-element elementor-element-6aa613ce elementor-widget elementor-widget-spacer\" data-id=\"6aa613ce\" data-element_type=\"widget\" data-e-type=\"widget\" data-widget_type=\"spacer.default\">\n\t\t\t\t<div class=\"elementor-widget-container\">\n\t\t\t\t\t\t\t<div class=\"elementor-spacer\">\n\t\t\t<div class=\"elementor-spacer-inner\"><\/div>\n\t\t<\/div>\n\t\t\t\t\t\t<\/div>\n\t\t\t\t<\/div>\n\t\t\t\t\t<\/div>\n\t\t<\/div>\n\t\t\t\t\t<\/div>\n\t\t<\/section>\n\t\t\t\t<\/div>\n\t\t","protected":false},"excerpt":{"rendered":"<p>SPRINTERSK\u00c1 ROVINKA Sprintersk\u00e1 rovinka s\u202fvyzna\u010denou stometrovou trat\u00ed je celkem 130 m dlouh\u00e1, m\u00e1 p\u011bt\u00a0drah a je zakon\u010den\u00e1 dosko\u010di\u0161t\u011bm na skok dalek\u00fd. Povrch tvo\u0159\u00ed tartan,\u00a0je zde&hellip;<\/p>\n<p> <a class=\"more-link\" href=\"https:\/\/citycampus.osu.cz\/sport\/sportoviste\/sprinterska-rovinka\/\">\u010ct\u011bte v\u00edce<\/a><\/p>\n","protected":false},"author":4,"featured_media":0,"parent":17706,"menu_order":3,"comment_status":"closed","ping_status":"closed","template":"","meta":{"footnotes":""},"class_list":["post-17967","page","type-page","status-publish"],"_links":{"self":[{"href":"https:\/\/citycampus.osu.cz\/sport\/wp-json\/wp\/v2\/pages\/17967","targetHints":{"allow":["GET"]}}],"collection":[{"href":"https:\/\/citycampus.osu.cz\/sport\/wp-json\/wp\/v2\/pages"}],"about":[{"href":"https:\/\/citycampus.osu.cz\/sport\/wp-json\/wp\/v2\/types\/page"}],"author":[{"embeddable":true,"href":"https:\/\/citycampus.osu.cz\/sport\/wp-json\/wp\/v2\/users\/4"}],"replies":[{"embeddable":true,"href":"https:\/\/citycampus.osu.cz\/sport\/wp-json\/wp\/v2\/comments?post=17967"}],"version-history":[{"count":24,"href":"https:\/\/citycampus.osu.cz\/sport\/wp-json\/wp\/v2\/pages\/17967\/revisions"}],"predecessor-version":[{"id":20132,"href":"https:\/\/citycampus.osu.cz\/sport\/wp-json\/wp\/v2\/pages\/17967\/revisions\/20132"}],"up":[{"embeddable":true,"href":"https:\/\/citycampus.osu.cz\/sport\/wp-json\/wp\/v2\/pages\/17706"}],"wp:attachment":[{"href":"https:\/\/citycampus.osu.cz\/sport\/wp-json\/wp\/v2\/media?parent=17967"}],"curies":[{"name":"wp","href":"https:\/\/api.w.org\/{rel}","templated":true}]}}