{"id":19992,"date":"2023-08-16T09:21:08","date_gmt":"2023-08-16T07:21:08","guid":{"rendered":"https:\/\/citycampus.osu.cz\/sport\/?page_id=19992"},"modified":"2023-08-18T17:01:54","modified_gmt":"2023-08-18T15:01:54","slug":"badminton","status":"publish","type":"page","link":"https:\/\/citycampus.osu.cz\/sport\/sportoviste\/badminton\/","title":{"rendered":"Badminton"},"content":{"rendered":"\t\t<div data-elementor-type=\"wp-page\" data-elementor-id=\"19992\" class=\"elementor elementor-19992\">\n\t\t\t\t\t\t<section class=\"elementor-section elementor-top-section elementor-element elementor-element-2fb1b992 elementor-section-stretched content-page elementor-section-full_width elementor-section-height-full elementor-section-items-stretch elementor-section-content-top elementor-section-height-default\" data-id=\"2fb1b992\" data-element_type=\"section\" data-e-type=\"section\" data-settings=\"{&quot;stretch_section&quot;:&quot;section-stretched&quot;,&quot;background_background&quot;:&quot;classic&quot;,&quot;shape_divider_bottom&quot;:&quot;opacity-tilt&quot;}\">\n\t\t\t\t\t\t\t<div class=\"elementor-background-overlay\"><\/div>\n\t\t\t\t\t\t<div class=\"elementor-shape elementor-shape-bottom\" aria-hidden=\"true\" data-negative=\"false\">\n\t\t\t<svg xmlns=\"http:\/\/www.w3.org\/2000\/svg\" viewBox=\"0 0 2600 131.1\" preserveAspectRatio=\"none\">\n\t<path class=\"elementor-shape-fill\" d=\"M0 0L2600 0 2600 69.1 0 0z\"\/>\n\t<path class=\"elementor-shape-fill\" style=\"opacity:0.5\" d=\"M0 0L2600 0 2600 69.1 0 69.1z\"\/>\n\t<path class=\"elementor-shape-fill\" style=\"opacity:0.25\" d=\"M2600 0L0 0 0 130.1 2600 69.1z\"\/>\n<\/svg>\t\t<\/div>\n\t\t\t\t\t<div class=\"elementor-container elementor-column-gap-no\">\n\t\t\t\t\t<div class=\"elementor-column elementor-col-100 elementor-top-column elementor-element elementor-element-38ec7f68 elementor-invisible\" data-id=\"38ec7f68\" data-element_type=\"column\" data-e-type=\"column\" data-settings=\"{&quot;background_background&quot;:&quot;classic&quot;,&quot;animation&quot;:&quot;fadeIn&quot;}\">\n\t\t\t<div class=\"elementor-widget-wrap elementor-element-populated\">\n\t\t\t\t\t<div class=\"elementor-background-overlay\"><\/div>\n\t\t\t\t\t\t<section class=\"elementor-section elementor-inner-section elementor-element elementor-element-3549411e elementor-section-height-full elementor-section-boxed elementor-section-height-default elementor-invisible\" data-id=\"3549411e\" data-element_type=\"section\" data-e-type=\"section\" data-settings=\"{&quot;animation&quot;:&quot;fadeInUp&quot;,&quot;animation_delay&quot;:500}\">\n\t\t\t\t\t\t<div class=\"elementor-container elementor-column-gap-default\">\n\t\t\t\t\t<div class=\"elementor-column elementor-col-100 elementor-inner-column elementor-element elementor-element-194f2c9b\" data-id=\"194f2c9b\" data-element_type=\"column\" data-e-type=\"column\" data-settings=\"{&quot;background_background&quot;:&quot;classic&quot;}\">\n\t\t\t<div class=\"elementor-widget-wrap elementor-element-populated\">\n\t\t\t\t\t\t<div class=\"elementor-element elementor-element-fd6fdd1 elementor-widget elementor-widget-heading\" data-id=\"fd6fdd1\" data-element_type=\"widget\" data-e-type=\"widget\" data-widget_type=\"heading.default\">\n\t\t\t\t<div class=\"elementor-widget-container\">\n\t\t\t\t\t<h2 class=\"elementor-heading-title elementor-size-default\">BADMINTON<\/h2>\t\t\t\t<\/div>\n\t\t\t\t<\/div>\n\t\t\t\t<div class=\"elementor-element elementor-element-63d9aab6 elementor-arrows-position-inside elementor-widget elementor-widget-image-carousel\" data-id=\"63d9aab6\" data-element_type=\"widget\" data-e-type=\"widget\" data-settings=\"{&quot;slides_to_show&quot;:&quot;3&quot;,&quot;image_spacing_custom&quot;:{&quot;unit&quot;:&quot;px&quot;,&quot;size&quot;:9,&quot;sizes&quot;:[]},&quot;navigation&quot;:&quot;arrows&quot;,&quot;autoplay&quot;:&quot;yes&quot;,&quot;pause_on_hover&quot;:&quot;yes&quot;,&quot;pause_on_interaction&quot;:&quot;yes&quot;,&quot;autoplay_speed&quot;:5000,&quot;infinite&quot;:&quot;yes&quot;,&quot;speed&quot;:500,&quot;image_spacing_custom_tablet&quot;:{&quot;unit&quot;:&quot;px&quot;,&quot;size&quot;:&quot;&quot;,&quot;sizes&quot;:[]},&quot;image_spacing_custom_mobile&quot;:{&quot;unit&quot;:&quot;px&quot;,&quot;size&quot;:&quot;&quot;,&quot;sizes&quot;:[]}}\" data-widget_type=\"image-carousel.default\">\n\t\t\t\t<div class=\"elementor-widget-container\">\n\t\t\t\t\t\t\t<div class=\"elementor-image-carousel-wrapper swiper\" role=\"region\" aria-roledescription=\"carousel\" aria-label=\"Obr\u00e1zkov\u00fd koloto\u010d\" dir=\"ltr\">\n\t\t\t<div class=\"elementor-image-carousel swiper-wrapper swiper-image-stretch\" aria-live=\"off\">\n\t\t\t\t\t\t\t\t<div class=\"swiper-slide\" role=\"group\" aria-roledescription=\"slide\" aria-label=\"1 z 7\"><a data-elementor-open-lightbox=\"yes\" data-elementor-lightbox-slideshow=\"63d9aab6\" data-elementor-lightbox-title=\"P1255106\" data-e-action-hash=\"#elementor-action%3Aaction%3Dlightbox%26settings%3DeyJpZCI6MTk2NTcsInVybCI6Imh0dHBzOlwvXC9jaXR5Y2FtcHVzLm9zdS5jelwvc3BvcnRcL3dwLWNvbnRlbnRcL3VwbG9hZHNcLzIwMjNcLzA4XC9QMTI1NTEwNi1zY2FsZWQtZTE2OTE1ODEyMjc3NDUuanBnIiwic2xpZGVzaG93IjoiNjNkOWFhYjYifQ%3D%3D\" href=\"https:\/\/citycampus.osu.cz\/sport\/wp-content\/uploads\/2023\/08\/P1255106-scaled-e1691581227745.jpg\"><figure class=\"swiper-slide-inner\"><img decoding=\"async\" class=\"swiper-slide-image\" src=\"https:\/\/citycampus.osu.cz\/sport\/wp-content\/uploads\/2023\/08\/P1255106-scaled-e1691581227745-1024x682.jpg\" alt=\"P1255106\" \/><\/figure><\/a><\/div><div class=\"swiper-slide\" role=\"group\" aria-roledescription=\"slide\" aria-label=\"2 z 7\"><a data-elementor-open-lightbox=\"yes\" data-elementor-lightbox-slideshow=\"63d9aab6\" data-elementor-lightbox-title=\"P1255479\" data-e-action-hash=\"#elementor-action%3Aaction%3Dlightbox%26settings%3DeyJpZCI6MTkzNDksInVybCI6Imh0dHBzOlwvXC9jaXR5Y2FtcHVzLm9zdS5jelwvc3BvcnRcL3dwLWNvbnRlbnRcL3VwbG9hZHNcLzIwMjNcLzA4XC9QMTI1NTQ3OS1zY2FsZWQtZTE2OTE0OTU5MjgyNTguanBnIiwic2xpZGVzaG93IjoiNjNkOWFhYjYifQ%3D%3D\" href=\"https:\/\/citycampus.osu.cz\/sport\/wp-content\/uploads\/2023\/08\/P1255479-scaled-e1691495928258.jpg\"><figure class=\"swiper-slide-inner\"><img decoding=\"async\" class=\"swiper-slide-image\" src=\"https:\/\/citycampus.osu.cz\/sport\/wp-content\/uploads\/2023\/08\/P1255479-scaled-e1691495928258-1024x683.jpg\" alt=\"P1255479\" \/><\/figure><\/a><\/div><div class=\"swiper-slide\" role=\"group\" aria-roledescription=\"slide\" aria-label=\"3 z 7\"><a data-elementor-open-lightbox=\"yes\" data-elementor-lightbox-slideshow=\"63d9aab6\" data-elementor-lightbox-title=\"P1255039\" data-e-action-hash=\"#elementor-action%3Aaction%3Dlightbox%26settings%3DeyJpZCI6MTk2NTYsInVybCI6Imh0dHBzOlwvXC9jaXR5Y2FtcHVzLm9zdS5jelwvc3BvcnRcL3dwLWNvbnRlbnRcL3VwbG9hZHNcLzIwMjNcLzA4XC9QMTI1NTAzOS1zY2FsZWQtZTE2OTIxNzAzNDYxMTcuanBnIiwic2xpZGVzaG93IjoiNjNkOWFhYjYifQ%3D%3D\" href=\"https:\/\/citycampus.osu.cz\/sport\/wp-content\/uploads\/2023\/08\/P1255039-scaled-e1692170346117.jpg\"><figure class=\"swiper-slide-inner\"><img decoding=\"async\" class=\"swiper-slide-image\" src=\"https:\/\/citycampus.osu.cz\/sport\/wp-content\/uploads\/2023\/08\/P1255039-scaled-e1692170346117-1024x682.jpg\" alt=\"P1255039\" \/><\/figure><\/a><\/div><div class=\"swiper-slide\" role=\"group\" aria-roledescription=\"slide\" aria-label=\"4 z 7\"><a data-elementor-open-lightbox=\"yes\" data-elementor-lightbox-slideshow=\"63d9aab6\" data-elementor-lightbox-title=\"P1255518\" data-e-action-hash=\"#elementor-action%3Aaction%3Dlightbox%26settings%3DeyJpZCI6MTkzNTAsInVybCI6Imh0dHBzOlwvXC9jaXR5Y2FtcHVzLm9zdS5jelwvc3BvcnRcL3dwLWNvbnRlbnRcL3VwbG9hZHNcLzIwMjNcLzA4XC9QMTI1NTUxOC1zY2FsZWQtZTE2OTE0OTU5NTYyMjkuanBnIiwic2xpZGVzaG93IjoiNjNkOWFhYjYifQ%3D%3D\" href=\"https:\/\/citycampus.osu.cz\/sport\/wp-content\/uploads\/2023\/08\/P1255518-scaled-e1691495956229.jpg\"><figure class=\"swiper-slide-inner\"><img decoding=\"async\" class=\"swiper-slide-image\" src=\"https:\/\/citycampus.osu.cz\/sport\/wp-content\/uploads\/2023\/08\/P1255518-scaled-e1691495956229-1024x683.jpg\" alt=\"P1255518\" \/><\/figure><\/a><\/div><div class=\"swiper-slide\" role=\"group\" aria-roledescription=\"slide\" aria-label=\"5 z 7\"><a data-elementor-open-lightbox=\"yes\" data-elementor-lightbox-slideshow=\"63d9aab6\" data-elementor-lightbox-title=\"P1255123\" data-e-action-hash=\"#elementor-action%3Aaction%3Dlightbox%26settings%3DeyJpZCI6MTk2NTgsInVybCI6Imh0dHBzOlwvXC9jaXR5Y2FtcHVzLm9zdS5jelwvc3BvcnRcL3dwLWNvbnRlbnRcL3VwbG9hZHNcLzIwMjNcLzA4XC9QMTI1NTEyMy1zY2FsZWQtZTE2OTE1ODExNjc5OTguanBnIiwic2xpZGVzaG93IjoiNjNkOWFhYjYifQ%3D%3D\" href=\"https:\/\/citycampus.osu.cz\/sport\/wp-content\/uploads\/2023\/08\/P1255123-scaled-e1691581167998.jpg\"><figure class=\"swiper-slide-inner\"><img decoding=\"async\" class=\"swiper-slide-image\" src=\"https:\/\/citycampus.osu.cz\/sport\/wp-content\/uploads\/2023\/08\/P1255123-scaled-e1691581167998-1024x682.jpg\" alt=\"P1255123\" \/><\/figure><\/a><\/div><div class=\"swiper-slide\" role=\"group\" aria-roledescription=\"slide\" aria-label=\"6 z 7\"><a data-elementor-open-lightbox=\"yes\" data-elementor-lightbox-slideshow=\"63d9aab6\" data-elementor-lightbox-title=\"P1255128\" data-e-action-hash=\"#elementor-action%3Aaction%3Dlightbox%26settings%3DeyJpZCI6MTk2NTksInVybCI6Imh0dHBzOlwvXC9jaXR5Y2FtcHVzLm9zdS5jelwvc3BvcnRcL3dwLWNvbnRlbnRcL3VwbG9hZHNcLzIwMjNcLzA4XC9QMTI1NTEyOC1zY2FsZWQtZTE2OTIxNzAzNjcyNDIuanBnIiwic2xpZGVzaG93IjoiNjNkOWFhYjYifQ%3D%3D\" href=\"https:\/\/citycampus.osu.cz\/sport\/wp-content\/uploads\/2023\/08\/P1255128-scaled-e1692170367242.jpg\"><figure class=\"swiper-slide-inner\"><img decoding=\"async\" class=\"swiper-slide-image\" src=\"https:\/\/citycampus.osu.cz\/sport\/wp-content\/uploads\/2023\/08\/P1255128-scaled-e1692170367242-1024x682.jpg\" alt=\"P1255128\" \/><\/figure><\/a><\/div><div class=\"swiper-slide\" role=\"group\" aria-roledescription=\"slide\" aria-label=\"7 z 7\"><a data-elementor-open-lightbox=\"yes\" data-elementor-lightbox-slideshow=\"63d9aab6\" data-elementor-lightbox-title=\"P1255533\" data-e-action-hash=\"#elementor-action%3Aaction%3Dlightbox%26settings%3DeyJpZCI6MTkzNTEsInVybCI6Imh0dHBzOlwvXC9jaXR5Y2FtcHVzLm9zdS5jelwvc3BvcnRcL3dwLWNvbnRlbnRcL3VwbG9hZHNcLzIwMjNcLzA4XC9QMTI1NTUzMy1zY2FsZWQtZTE2OTE0OTU5Nzg5MzguanBnIiwic2xpZGVzaG93IjoiNjNkOWFhYjYifQ%3D%3D\" href=\"https:\/\/citycampus.osu.cz\/sport\/wp-content\/uploads\/2023\/08\/P1255533-scaled-e1691495978938.jpg\"><figure class=\"swiper-slide-inner\"><img decoding=\"async\" class=\"swiper-slide-image\" src=\"https:\/\/citycampus.osu.cz\/sport\/wp-content\/uploads\/2023\/08\/P1255533-scaled-e1691495978938-1024x683.jpg\" alt=\"P1255533\" \/><\/figure><\/a><\/div>\t\t\t<\/div>\n\t\t\t\t\t\t\t\t\t\t\t\t<div class=\"elementor-swiper-button elementor-swiper-button-prev\" role=\"button\" tabindex=\"0\">\n\t\t\t\t\t\t<i aria-hidden=\"true\" class=\"eicon-chevron-left\"><\/i>\t\t\t\t\t<\/div>\n\t\t\t\t\t<div class=\"elementor-swiper-button elementor-swiper-button-next\" role=\"button\" tabindex=\"0\">\n\t\t\t\t\t\t<i aria-hidden=\"true\" class=\"eicon-chevron-right\"><\/i>\t\t\t\t\t<\/div>\n\t\t\t\t\n\t\t\t\t\t\t\t\t\t<\/div>\n\t\t\t\t\t\t<\/div>\n\t\t\t\t<\/div>\n\t\t\t\t<div class=\"elementor-element elementor-element-d79a788 elementor-align-center elementor-widget elementor-widget-button\" data-id=\"d79a788\" data-element_type=\"widget\" data-e-type=\"widget\" data-widget_type=\"button.default\">\n\t\t\t\t<div class=\"elementor-widget-container\">\n\t\t\t\t\t\t\t\t\t<div class=\"elementor-button-wrapper\">\n\t\t\t\t\t<a class=\"elementor-button elementor-button-link elementor-size-sm\" href=\"https:\/\/osu.isportsystem.cz\">\n\t\t\t\t\t\t<span class=\"elementor-button-content-wrapper\">\n\t\t\t\t\t\t<span class=\"elementor-button-icon\">\n\t\t\t\t<i aria-hidden=\"true\" class=\"far fa-calendar-alt\"><\/i>\t\t\t<\/span>\n\t\t\t\t\t\t\t\t\t<span class=\"elementor-button-text\">REZERVACE<\/span>\n\t\t\t\t\t<\/span>\n\t\t\t\t\t<\/a>\n\t\t\t\t<\/div>\n\t\t\t\t\t\t\t\t<\/div>\n\t\t\t\t<\/div>\n\t\t\t\t<div class=\"elementor-element elementor-element-2f26c814 elementor-widget elementor-widget-text-editor\" data-id=\"2f26c814\" data-element_type=\"widget\" data-e-type=\"widget\" data-widget_type=\"text-editor.default\">\n\t\t\t\t<div class=\"elementor-widget-container\">\n\t\t\t\t\t\t\t\t\t<p>Badmintonov\u00e9 h\u0159i\u0161t\u011b na City Campusu nab\u00edz\u00ed prostor pro z\u00e1bavnou a sportovn\u00ed aktivitu pro jednotlivce nebo t\u00fdmy hr\u00e1\u010d\u016f. V hale m\u00ed\u010dov\u00fdch sport\u016f je mo\u017en\u00e9 vyu\u017e\u00edt \u010dty\u0159i badmintonov\u00e1 h\u0159i\u0161t\u011b standardn\u00edch rozm\u011br\u016f. Povrch tvo\u0159\u00ed d\u0159ev\u011bn\u00e1 palubovka, kter\u00e1 je polo\u017eena na deseticentimetrov\u00e9m ro\u0161tu. Kurty m\u00e1me v provozu celoro\u010dn\u011b.<\/p><p style=\"font-weight: 400;\">\u00a0<\/p>\t\t\t\t\t\t\t\t<\/div>\n\t\t\t\t<\/div>\n\t\t\t\t\t<\/div>\n\t\t<\/div>\n\t\t\t\t\t<\/div>\n\t\t<\/section>\n\t\t\t\t\t<\/div>\n\t\t<\/div>\n\t\t\t\t\t<\/div>\n\t\t<\/section>\n\t\t\t\t<section class=\"elementor-section elementor-top-section elementor-element elementor-element-806079a elementor-section-stretched elementor-section-boxed elementor-section-height-default elementor-section-height-default\" data-id=\"806079a\" data-element_type=\"section\" data-e-type=\"section\" data-settings=\"{&quot;stretch_section&quot;:&quot;section-stretched&quot;}\">\n\t\t\t\t\t\t<div class=\"elementor-container elementor-column-gap-default\">\n\t\t\t\t\t<div class=\"elementor-column elementor-col-100 elementor-top-column elementor-element elementor-element-4f316d2\" data-id=\"4f316d2\" data-element_type=\"column\" data-e-type=\"column\">\n\t\t\t<div class=\"elementor-widget-wrap elementor-element-populated\">\n\t\t\t\t\t\t<div class=\"elementor-element elementor-element-3957eb8 elementor-widget-divider--view-line elementor-widget elementor-widget-divider\" data-id=\"3957eb8\" data-element_type=\"widget\" data-e-type=\"widget\" data-widget_type=\"divider.default\">\n\t\t\t\t<div class=\"elementor-widget-container\">\n\t\t\t\t\t\t\t<div class=\"elementor-divider\">\n\t\t\t<span class=\"elementor-divider-separator\">\n\t\t\t\t\t\t<\/span>\n\t\t<\/div>\n\t\t\t\t\t\t<\/div>\n\t\t\t\t<\/div>\n\t\t\t\t<div class=\"elementor-element elementor-element-3e8558a elementor-align-center elementor-widget elementor-widget-button\" data-id=\"3e8558a\" data-element_type=\"widget\" data-e-type=\"widget\" data-widget_type=\"button.default\">\n\t\t\t\t<div class=\"elementor-widget-container\">\n\t\t\t\t\t\t\t\t\t<div class=\"elementor-button-wrapper\">\n\t\t\t\t\t<a class=\"elementor-button elementor-button-link elementor-size-md\" href=\"https:\/\/citycampus.osu.cz\/sport\/wp-content\/uploads\/2023\/08\/HALA-provozni-rad-3.pdf\" target=\"_blank\">\n\t\t\t\t\t\t<span class=\"elementor-button-content-wrapper\">\n\t\t\t\t\t\t<span class=\"elementor-button-icon\">\n\t\t\t\t<i aria-hidden=\"true\" class=\"fas fa-basketball-ball\"><\/i>\t\t\t<\/span>\n\t\t\t\t\t\t\t\t\t<span class=\"elementor-button-text\">Provozn\u00ed \u0159\u00e1d: Hala m\u00ed\u010dov\u00fdch sport\u016f <\/span>\n\t\t\t\t\t<\/span>\n\t\t\t\t\t<\/a>\n\t\t\t\t<\/div>\n\t\t\t\t\t\t\t\t<\/div>\n\t\t\t\t<\/div>\n\t\t\t\t<div class=\"elementor-element elementor-element-5fbddfa elementor-widget elementor-widget-spacer\" data-id=\"5fbddfa\" data-element_type=\"widget\" data-e-type=\"widget\" data-widget_type=\"spacer.default\">\n\t\t\t\t<div class=\"elementor-widget-container\">\n\t\t\t\t\t\t\t<div class=\"elementor-spacer\">\n\t\t\t<div class=\"elementor-spacer-inner\"><\/div>\n\t\t<\/div>\n\t\t\t\t\t\t<\/div>\n\t\t\t\t<\/div>\n\t\t\t\t\t<\/div>\n\t\t<\/div>\n\t\t\t\t\t<\/div>\n\t\t<\/section>\n\t\t\t\t<\/div>\n\t\t","protected":false},"excerpt":{"rendered":"<p>BADMINTON REZERVACE Badmintonov\u00e9 h\u0159i\u0161t\u011b na City Campusu nab\u00edz\u00ed prostor pro z\u00e1bavnou a sportovn\u00ed aktivitu pro jednotlivce nebo t\u00fdmy hr\u00e1\u010d\u016f. V hale m\u00ed\u010dov\u00fdch sport\u016f je mo\u017en\u00e9&hellip;<\/p>\n<p> <a class=\"more-link\" href=\"https:\/\/citycampus.osu.cz\/sport\/sportoviste\/badminton\/\">\u010ct\u011bte v\u00edce<\/a><\/p>\n","protected":false},"author":4,"featured_media":0,"parent":17706,"menu_order":3,"comment_status":"closed","ping_status":"closed","template":"","meta":{"footnotes":""},"class_list":["post-19992","page","type-page","status-publish"],"_links":{"self":[{"href":"https:\/\/citycampus.osu.cz\/sport\/wp-json\/wp\/v2\/pages\/19992","targetHints":{"allow":["GET"]}}],"collection":[{"href":"https:\/\/citycampus.osu.cz\/sport\/wp-json\/wp\/v2\/pages"}],"about":[{"href":"https:\/\/citycampus.osu.cz\/sport\/wp-json\/wp\/v2\/types\/page"}],"author":[{"embeddable":true,"href":"https:\/\/citycampus.osu.cz\/sport\/wp-json\/wp\/v2\/users\/4"}],"replies":[{"embeddable":true,"href":"https:\/\/citycampus.osu.cz\/sport\/wp-json\/wp\/v2\/comments?post=19992"}],"version-history":[{"count":19,"href":"https:\/\/citycampus.osu.cz\/sport\/wp-json\/wp\/v2\/pages\/19992\/revisions"}],"predecessor-version":[{"id":20098,"href":"https:\/\/citycampus.osu.cz\/sport\/wp-json\/wp\/v2\/pages\/19992\/revisions\/20098"}],"up":[{"embeddable":true,"href":"https:\/\/citycampus.osu.cz\/sport\/wp-json\/wp\/v2\/pages\/17706"}],"wp:attachment":[{"href":"https:\/\/citycampus.osu.cz\/sport\/wp-json\/wp\/v2\/media?parent=19992"}],"curies":[{"name":"wp","href":"https:\/\/api.w.org\/{rel}","templated":true}]}}